{"id":396,"date":"2023-04-16T00:11:48","date_gmt":"2023-04-15T22:11:48","guid":{"rendered":"https:\/\/ww-businessline.mainet.care\/?page_id=396"},"modified":"2023-04-24T09:43:04","modified_gmt":"2023-04-24T07:43:04","slug":"finanzierungs-assistent-fur-den-neubau","status":"publish","type":"page","link":"https:\/\/ww-businessline.de\/en\/finanzierungs-assistent-fur-den-neubau\/","title":{"rendered":"Financing assistant for new construction"},"content":{"rendered":"<link rel='stylesheet' id='formidable-css' href='https:\/\/ww-businessline.de\/wp-content\/plugins\/formidable\/css\/formidableforms.css?ver=313546' media='all' \/>\n<div class=\"frm_forms  with_frm_style frm_style_formidable-style\" id=\"frm_form_2_container\" data-token=\"69cab5ab87a91cdfacd7fee95663292a\">\n<form enctype=\"multipart\/form-data\" method=\"post\" class=\"frm-show-form  frm_pro_form \" id=\"form_finanzierung-neubau\" data-token=\"69cab5ab87a91cdfacd7fee95663292a\">\n<div class=\"frm_form_fields  frm_page_num_1\">\n<fieldset>\n<legend class=\"frm_hidden\">Neubau<\/legend>\r\n\r\n<div class=\"frm_fields_container\">\n<div class=\"frm_rootline_group\" role=\"group\" tabindex=\"0\" aria-label=\"Page 1 of 4\" ><ul class=\"frm_page_bar frm_rootline_4 frm_progress frm_progress_line  frm_show_lines frm_show_titles\"><li class=\"frm_rootline_single frm_current_page\"><span class=\"frm_rootline_title\">Darlehen<\/span><input type=\"button\" value=\"1\" data-page=\"\" class=\" frm_page_1\" aria-disabled=\"true\" data-field=\"0\" aria-label=\"Darlehen\"  \/><\/li><li class=\"frm_rootline_single\"><span class=\"frm_rootline_title\">Immobilie<\/span><input type=\"button\" value=\"2\" data-page=\"21\" class=\"frm_page_skip frm_page_2\" data-field=\"28\" aria-label=\"Immobilie\"  \/><\/li><li class=\"frm_rootline_single\"><span class=\"frm_rootline_title\">Adressangaben<\/span><input type=\"button\" value=\"3\" data-page=\"30\" class=\"frm_page_skip frm_page_3\" data-field=\"35\" aria-label=\"Adressangaben\"  \/><\/li><li class=\"frm_rootline_single\"><span class=\"frm_rootline_title\">Gleich geschafft!<\/span><input type=\"button\" value=\"4\" data-page=\"40\" class=\"frm_page_skip frm_page_4\" data-field=\"36\" aria-label=\"Gleich geschafft!\"  \/><\/li><\/ul><div class=\"frm_percent_complete\">0% Complete<\/div><div class=\"frm_pages_complete\">1 of 4<\/div><div class=\"frm_clearfix\"><\/div><\/div><input type=\"hidden\" name=\"frm_action\" value=\"create\" \/>\n<input type=\"hidden\" name=\"form_id\" value=\"2\" \/>\n<input type=\"hidden\" name=\"frm_hide_fields_2\" id=\"frm_hide_fields_2\" value=\"\" \/>\n<input type=\"hidden\" name=\"form_key\" value=\"finanzierung-neubau\" \/>\n<input type=\"hidden\" name=\"item_meta[0]\" value=\"\" \/>\n<input type=\"hidden\" id=\"frm_submit_entry_2\" name=\"frm_submit_entry_2\" value=\"6cacab95b3\" \/><input type=\"hidden\" name=\"_wp_http_referer\" value=\"\/en\/wp-json\/wp\/v2\/pages\/396\" \/><div id=\"frm_field_6_container\" class=\"frm_form_field frm_section_heading form-field  frm_half\">\r\n<h3 class=\"frm_pos_top frm_section_spacing\">Informationen zum Neubau<\/h3>\r\n\r\n\r\n<div id=\"frm_field_182_container\" class=\"frm_form_field form-field  frm_required_field frm_top_container\">\r\n    <label for=\"field_8udu0\" id=\"field_8udu0_label\" class=\"frm_primary_label\">Grundst\u00fcckskosten\r\n        <span class=\"frm_required\" aria-hidden=\"true\">*<\/span>\r\n    <\/label>\r\n    <div class=\"frm_range_container\"><span class=\"frm_range_value\">4500000<\/span><span class=\"frm_range_unit\">\u20ac<\/span><input type=\"range\" id=\"field_8udu0\" name=\"item_meta[182]\" value=\"\" data-frmval=\"\" data-frmrange  data-sectionid=\"6\" data-reqmsg=\"Bitte geben Sie einen ungef\u00e4hren Wert f\u00fcr Ihre Grundst\u00fcckskosten an.\" aria-required=\"true\" data-invmsg=\"Bitte w\u00e4hlen Sie ein g\u00fcltiges Format\" aria-invalid=\"false\"   min=\"0\" max=\"9000000\" step=\"1000\"\/><div class=\"frm_description\"><span class=\"frm_range_min\">0<span class=\"frm_range_unit\">\u20ac<\/span><\/span><span class=\"frm_range_max\">9,000,000<span class=\"frm_range_unit\">\u20ac<\/span><\/span><\/div><\/div>\r\n    \r\n    \r\n<\/div>\n<div id=\"frm_field_183_container\" class=\"frm_form_field form-field  frm_required_field frm_top_container\">\r\n    <label for=\"field_7z2l1\" id=\"field_7z2l1_label\" class=\"frm_primary_label\">Baukosten\r\n        <span class=\"frm_required\" aria-hidden=\"true\">*<\/span>\r\n    <\/label>\r\n    <div class=\"frm_range_container\"><span class=\"frm_range_value\">4500000<\/span><span class=\"frm_range_unit\">\u20ac<\/span><input type=\"range\" id=\"field_7z2l1\" name=\"item_meta[183]\" value=\"\" data-frmval=\"\" data-frmrange  data-sectionid=\"6\" data-reqmsg=\"Bitte geben Sie Ihre gesch\u00e4tzten Baukosten an\" aria-required=\"true\" data-invmsg=\"Dieses Format ist ung\u00fcltig\" aria-invalid=\"false\"   min=\"0\" max=\"9000000\" step=\"1000\"\/><div class=\"frm_description\"><span class=\"frm_range_min\">0<span class=\"frm_range_unit\">\u20ac<\/span><\/span><span class=\"frm_range_max\">9,000,000<span class=\"frm_range_unit\">\u20ac<\/span><\/span><\/div><\/div>\r\n    \r\n    \r\n<\/div>\n<div id=\"frm_field_26_container\" class=\"frm_form_field form-field  frm_top_container frm_first\">\r\n    <label for=\"field_chs7r\" class=\"frm_primary_label\">Notarkosten\r\n        <span class=\"frm_required\"><\/span>\r\n    <\/label>\r\n    <div class=\"frm_input_group frm_with_boxes  frm_with_pre frm_with_post\"><span class=\"frm_inline_box\">\u20ac<\/span><input type=\"number\" id=\"field_chs7r\" name=\"item_meta[26]\" value=\"5000\"  data-sectionid=\"6\" data-frmval=\"5000\" data-invmsg=\"Home Value is invalid\" aria-invalid=\"false\"   min=\"0\" max=\"999999\" step=\"500\"\/><span class=\"frm_inline_box\">,00<\/span><\/div>\r\n    \r\n    \r\n<\/div>\n<div id=\"frm_field_25_container\" class=\"frm_form_field form-field  frm_required_field frm_top_container frm_first\">\r\n    <label for=\"field_rgq80\" class=\"frm_primary_label\">Grunderwerbsteuer\r\n        <span class=\"frm_required\"><\/span>\r\n    <\/label>\r\n    <div class=\"frm_input_group frm_with_boxes  frm_with_pre frm_with_post\"><span class=\"frm_inline_box\">\u20ac<\/span><input type=\"number\" id=\"field_rgq80\" name=\"item_meta[25]\" value=\"\"  data-sectionid=\"6\" data-reqmsg=\"Bitte geben Sie die Grunderwerbsteuer an\" aria-required=\"true\" data-invmsg=\"Der Betrag hat ein ung\u00fcltiges Format\" aria-invalid=\"false\"   min=\"0\" max=\"999999\" step=\"500\"\/><span class=\"frm_inline_box\">,00<\/span><\/div>\r\n    \r\n    \r\n<\/div>\n<div id=\"frm_field_27_container\" class=\"frm_form_field form-field  frm_required_field frm_top_container frm_first\">\r\n    <label for=\"field_v6b77\" class=\"frm_primary_label\">Maklerkosten\r\n        <span class=\"frm_required\"><\/span>\r\n    <\/label>\r\n    <div class=\"frm_input_group frm_with_boxes  frm_with_pre frm_with_post\"><span class=\"frm_inline_box\">\u20ac<\/span><input type=\"number\" id=\"field_v6b77\" name=\"item_meta[27]\" value=\"\"  data-sectionid=\"6\" data-reqmsg=\"Bitte f\u00fcllen Sie das Feld aus\" aria-required=\"true\" data-invmsg=\"Ung\u00fcltiges Format\" aria-invalid=\"false\"   min=\"0\" max=\"999999\" step=\"500\"\/><span class=\"frm_inline_box\">,00<\/span><\/div>\r\n    \r\n    \r\n<\/div>\n<div id=\"frm_field_184_container\" class=\"frm_form_field form-field  frm_top_container\">\r\n    <label for=\"field_erq7f\" id=\"field_erq7f_label\" class=\"frm_primary_label\">Sonstige Kosten\r\n        <span class=\"frm_required\" aria-hidden=\"true\"><\/span>\r\n    <\/label>\r\n    <div class=\"frm_input_group frm_with_boxes  frm_with_pre frm_with_post\"><span class=\"frm_inline_box\">\u20ac<\/span><input type=\"number\" id=\"field_erq7f\" name=\"item_meta[184]\" value=\"\"  data-sectionid=\"6\" data-invmsg=\"Zahl ist ung\u00fcltig\" aria-invalid=\"false\"   min=\"0\" max=\"9999999\" step=\"500\"\/><span class=\"frm_inline_box\">,00<\/span><\/div>\r\n    \r\n    \r\n<\/div>\n<div id=\"frm_field_187_container\" class=\"frm_form_field form-field  frm_top_container\">\r\n    <label for=\"field_gg9cl\" id=\"field_gg9cl_label\" class=\"frm_primary_label\">Eigenanteil\r\n        <span class=\"frm_required\" aria-hidden=\"true\"><\/span>\r\n    <\/label>\r\n    <div class=\"frm_input_group frm_with_boxes  frm_with_pre frm_with_post\"><span class=\"frm_inline_box\">\u20ac<\/span><input type=\"number\" id=\"field_gg9cl\" name=\"item_meta[187]\" value=\"\"  data-sectionid=\"6\" data-invmsg=\"Zahl ist ung\u00fcltig\" aria-invalid=\"false\"   min=\"0\" max=\"9999999\" step=\"500\"\/><span class=\"frm_inline_box\">,00<\/span><\/div>\r\n    \r\n    \r\n<\/div>\n<div id=\"frm_field_18_container\" class=\"frm_form_field form-field  frm_left_container frm_total frm_total mnc-form-alignfield\">\r\n    <label for=\"field_rgh3n92\" id=\"field_rgh3n92_label\" class=\"frm_primary_label\">Finanzierungssumme:\r\n        <span class=\"frm_required\" aria-hidden=\"true\"><\/span>\r\n    <\/label>\r\n    <p class=\"frm_total_formatted\" data-prepend=\"\" data-append=\"\u20ac\"><\/p><div class=\"frm_input_group frm_with_box frm_with_post frm_hidden\"><input type=\"text\" id=\"field_rgh3n92\" name=\"item_meta[18]\" value=\"\"  readonly=\"readonly\"  data-sectionid=\"6\"autocomplete=\"off\" data-invmsg=\"Keine Berechnung m\u00f6glich\" aria-invalid=\"false\"  \/><span class=\"frm_inline_box\">\u20ac<\/span><\/div>\r\n    \r\n    \r\n<\/div>\n<\/div>\n<input type=\"hidden\" name=\"frm_page_order_2\" id=\"frm_page_order_2\" value=\"21\" \/><input type=\"hidden\" name=\"item_meta[43]\" id=\"field_u99gx\" value=\"\"     \/>\n<input type=\"hidden\" name=\"item_meta[29]\" id=\"field_qlmv0-0\" value=\"\"  data-sectionid=\"43\"    \/>\n<input type=\"hidden\" name=\"item_meta[30]\" id=\"field_dnyty-0\" value=\"\"     \/>\n<input type=\"hidden\" name=\"item_meta[44]\" id=\"field_eqac6\" value=\"\"     \/>\n<input type=\"hidden\" name=\"item_meta[35]\" id=\"field_we8vu\" value=\"\"     \/>\n<input type=\"hidden\" name=\"item_meta[45]\" id=\"field_ghej3\" value=\"\"     \/>\n<input type=\"hidden\" name=\"item_meta[32]\" id=\"field_7amv5\" value=\"\"  data-sectionid=\"45\"    \/>\n<input type=\"hidden\" name=\"item_meta[33]\" id=\"field_zffje\" value=\"\"  data-sectionid=\"45\"    \/>\n<input type=\"hidden\" name=\"item_meta[34]\" id=\"field_ogp91\" value=\"\"  data-sectionid=\"45\"    \/>\n<input type=\"hidden\" name=\"item_meta[46]\" id=\"field_6f60i\" value=\"\"     \/>\n<input type=\"hidden\" name=\"item_meta[36]\" id=\"field_lzbrg\" value=\"\"     \/>\n<input type=\"hidden\" name=\"item_meta[332]\" id=\"field_q3tha\" value=\"\" \/>\n\t\t\t\t<input type=\"hidden\" name=\"item_key\" value=\"\" \/>\n\t\t\t<div id=\"frm_field_340_container\">\n\t\t\t<label for=\"field_f2o27\" >\n\t\t\t\tIf you are human, leave this field blank.\t\t\t<\/label>\n\t\t\t<input  id=\"field_f2o27\" type=\"text\" class=\"frm_form_field form-field frm_verify\" name=\"item_meta[340]\" value=\"\"  \/>\n\t\t<\/div>\n\t\t<input name=\"frm_state\" type=\"hidden\" value=\"ZPelL6XyJl8CWTlcrm5yuNbSm7iqeJ\/lpwjtqLJ8B5k=\" \/><div class=\"frm_submit\">\r\n\r\n<input type=\"submit\" value=\"N\u00e4chster Schritt\"  \/>\r\n<img decoding=\"async\" class=\"frm_ajax_loading\" src=\"https:\/\/ww-businessline.de\/wp-content\/plugins\/formidable\/images\/ajax_loader.gif\" alt=\"Sending\"\/>\r\n\r\n\r\n<\/div><\/div>\n<\/fieldset>\n<\/div>\n\n<\/form>\n<\/div>\n\n","protected":false},"excerpt":{"rendered":"","protected":false},"author":1,"featured_media":0,"parent":0,"menu_order":0,"comment_status":"closed","ping_status":"closed","template":"","meta":{"_acf_changed":false,"site-sidebar-layout":"no-sidebar","site-content-layout":"page-builder","ast-site-content-layout":"default","site-content-style":"default","site-sidebar-style":"default","ast-global-header-display":"","ast-banner-title-visibility":"","ast-main-header-display":"","ast-hfb-above-header-display":"","ast-hfb-below-header-display":"","ast-hfb-mobile-header-display":"","site-post-title":"","ast-breadcrumbs-content":"","ast-featured-img":"","footer-sml-layout":"","ast-disable-related-posts":"","theme-transparent-header-meta":"","adv-header-id-meta":"","stick-header-meta":"","header-above-stick-meta":null,"header-main-stick-meta":"","header-below-stick-meta":null,"astra-migrate-meta-layouts":"default","ast-page-background-enabled":"default","ast-page-background-meta":{"desktop":{"background-color":"var(--ast-global-color-4)","background-image":"","background-repeat":"repeat","background-position":"center center","background-size":"auto","background-attachment":"scroll","background-type":"","background-media":"","overlay-type":"","overlay-color":"","overlay-opacity":"","overlay-gradient":""},"tablet":{"background-color":"","background-image":"","background-repeat":"repeat","background-position":"center center","background-size":"auto","background-attachment":"scroll","background-type":"","background-media":"","overlay-type":"","overlay-color":"","overlay-opacity":"","overlay-gradient":""},"mobile":{"background-color":"","background-image":"","background-repeat":"repeat","background-position":"center center","background-size":"auto","background-attachment":"scroll","background-type":"","background-media":"","overlay-type":"","overlay-color":"","overlay-opacity":"","overlay-gradient":""}},"ast-content-background-meta":{"desktop":{"background-color":"var(--ast-global-color-5)","background-image":"","background-repeat":"repeat","background-position":"center center","background-size":"auto","background-attachment":"scroll","background-type":"","background-media":"","overlay-type":"","overlay-color":"","overlay-opacity":"","overlay-gradient":""},"tablet":{"background-color":"var(--ast-global-color-5)","background-image":"","background-repeat":"repeat","background-position":"center center","background-size":"auto","background-attachment":"scroll","background-type":"","background-media":"","overlay-type":"","overlay-color":"","overlay-opacity":"","overlay-gradient":""},"mobile":{"background-color":"var(--ast-global-color-5)","background-image":"","background-repeat":"repeat","background-position":"center center","background-size":"auto","background-attachment":"scroll","background-type":"","background-media":"","overlay-type":"","overlay-color":"","overlay-opacity":"","overlay-gradient":""}},"footnotes":""},"class_list":["post-396","page","type-page","status-publish","hentry"],"acf":[],"yoast_head":"<!-- This site is optimized with the Yoast SEO plugin v27.2 - https:\/\/yoast.com\/product\/yoast-seo-wordpress\/ -->\n<title>Finanzierungs-Assistent f\u00fcr den Neubau - ww businessline<\/title>\n<meta name=\"robots\" content=\"index, follow, max-snippet:-1, max-image-preview:large, max-video-preview:-1\" \/>\n<link rel=\"canonical\" href=\"https:\/\/ww-businessline.de\/en\/finanzierungs-assistent-fur-den-neubau\/\" \/>\n<meta property=\"og:locale\" content=\"en_US\" \/>\n<meta property=\"og:type\" content=\"article\" \/>\n<meta property=\"og:title\" content=\"Finanzierungs-Assistent f\u00fcr den Neubau - ww businessline\" \/>\n<meta property=\"og:url\" content=\"https:\/\/ww-businessline.de\/en\/finanzierungs-assistent-fur-den-neubau\/\" \/>\n<meta property=\"og:site_name\" content=\"ww businessline\" \/>\n<meta property=\"article:modified_time\" content=\"2023-04-24T07:43:04+00:00\" \/>\n<meta name=\"twitter:card\" content=\"summary_large_image\" \/>\n<script type=\"application\/ld+json\" class=\"yoast-schema-graph\">{\"@context\":\"https:\/\/schema.org\",\"@graph\":[{\"@type\":\"WebPage\",\"@id\":\"https:\/\/ww-businessline.de\/finanzierungs-assistent-fur-den-neubau\/\",\"url\":\"https:\/\/ww-businessline.de\/finanzierungs-assistent-fur-den-neubau\/\",\"name\":\"Finanzierungs-Assistent f\u00fcr den Neubau - ww businessline\",\"isPartOf\":{\"@id\":\"https:\/\/ww-businessline.de\/#website\"},\"datePublished\":\"2023-04-15T22:11:48+00:00\",\"dateModified\":\"2023-04-24T07:43:04+00:00\",\"breadcrumb\":{\"@id\":\"https:\/\/ww-businessline.de\/finanzierungs-assistent-fur-den-neubau\/#breadcrumb\"},\"inLanguage\":\"en-US\",\"potentialAction\":[{\"@type\":\"ReadAction\",\"target\":[\"https:\/\/ww-businessline.de\/finanzierungs-assistent-fur-den-neubau\/\"]}]},{\"@type\":\"BreadcrumbList\",\"@id\":\"https:\/\/ww-businessline.de\/finanzierungs-assistent-fur-den-neubau\/#breadcrumb\",\"itemListElement\":[{\"@type\":\"ListItem\",\"position\":1,\"name\":\"Startseite\",\"item\":\"https:\/\/ww-businessline.de\/\"},{\"@type\":\"ListItem\",\"position\":2,\"name\":\"Finanzierungs-Assistent f\u00fcr den Neubau\"}]},{\"@type\":\"WebSite\",\"@id\":\"https:\/\/ww-businessline.de\/#website\",\"url\":\"https:\/\/ww-businessline.de\/\",\"name\":\"ww businessline\",\"description\":\"Finanzierung von Wohn- und Gesch\u00e4ftsh\u00e4usern\",\"publisher\":{\"@id\":\"https:\/\/ww-businessline.de\/#organization\"},\"potentialAction\":[{\"@type\":\"SearchAction\",\"target\":{\"@type\":\"EntryPoint\",\"urlTemplate\":\"https:\/\/ww-businessline.de\/?s={search_term_string}\"},\"query-input\":{\"@type\":\"PropertyValueSpecification\",\"valueRequired\":true,\"valueName\":\"search_term_string\"}}],\"inLanguage\":\"en-US\"},{\"@type\":\"Organization\",\"@id\":\"https:\/\/ww-businessline.de\/#organization\",\"name\":\"ww businessline\",\"url\":\"https:\/\/ww-businessline.de\/\",\"logo\":{\"@type\":\"ImageObject\",\"inLanguage\":\"en-US\",\"@id\":\"https:\/\/ww-businessline.de\/#\/schema\/logo\/image\/\",\"url\":\"https:\/\/ww-businessline.de\/wp-content\/uploads\/2023\/02\/logo-ww-businessline-white.svg\",\"contentUrl\":\"https:\/\/ww-businessline.de\/wp-content\/uploads\/2023\/02\/logo-ww-businessline-white.svg\",\"width\":469,\"height\":147,\"caption\":\"ww businessline\"},\"image\":{\"@id\":\"https:\/\/ww-businessline.de\/#\/schema\/logo\/image\/\"}}]}<\/script>\n<!-- \/ Yoast SEO plugin. -->","yoast_head_json":{"title":"Financing assistant for new construction - ww businessline","robots":{"index":"index","follow":"follow","max-snippet":"max-snippet:-1","max-image-preview":"max-image-preview:large","max-video-preview":"max-video-preview:-1"},"canonical":"https:\/\/ww-businessline.de\/en\/finanzierungs-assistent-fur-den-neubau\/","og_locale":"en_US","og_type":"article","og_title":"Finanzierungs-Assistent f\u00fcr den Neubau - ww businessline","og_url":"https:\/\/ww-businessline.de\/en\/finanzierungs-assistent-fur-den-neubau\/","og_site_name":"ww businessline","article_modified_time":"2023-04-24T07:43:04+00:00","twitter_card":"summary_large_image","schema":{"@context":"https:\/\/schema.org","@graph":[{"@type":"WebPage","@id":"https:\/\/ww-businessline.de\/finanzierungs-assistent-fur-den-neubau\/","url":"https:\/\/ww-businessline.de\/finanzierungs-assistent-fur-den-neubau\/","name":"Financing assistant for new construction - ww businessline","isPartOf":{"@id":"https:\/\/ww-businessline.de\/#website"},"datePublished":"2023-04-15T22:11:48+00:00","dateModified":"2023-04-24T07:43:04+00:00","breadcrumb":{"@id":"https:\/\/ww-businessline.de\/finanzierungs-assistent-fur-den-neubau\/#breadcrumb"},"inLanguage":"en-US","potentialAction":[{"@type":"ReadAction","target":["https:\/\/ww-businessline.de\/finanzierungs-assistent-fur-den-neubau\/"]}]},{"@type":"BreadcrumbList","@id":"https:\/\/ww-businessline.de\/finanzierungs-assistent-fur-den-neubau\/#breadcrumb","itemListElement":[{"@type":"ListItem","position":1,"name":"Startseite","item":"https:\/\/ww-businessline.de\/"},{"@type":"ListItem","position":2,"name":"Finanzierungs-Assistent f\u00fcr den Neubau"}]},{"@type":"WebSite","@id":"https:\/\/ww-businessline.de\/#website","url":"https:\/\/ww-businessline.de\/","name":"ww businessline","description":"Financing of residential and commercial properties","publisher":{"@id":"https:\/\/ww-businessline.de\/#organization"},"potentialAction":[{"@type":"SearchAction","target":{"@type":"EntryPoint","urlTemplate":"https:\/\/ww-businessline.de\/?s={search_term_string}"},"query-input":{"@type":"PropertyValueSpecification","valueRequired":true,"valueName":"search_term_string"}}],"inLanguage":"en-US"},{"@type":"Organization","@id":"https:\/\/ww-businessline.de\/#organization","name":"ww businessline","url":"https:\/\/ww-businessline.de\/","logo":{"@type":"ImageObject","inLanguage":"en-US","@id":"https:\/\/ww-businessline.de\/#\/schema\/logo\/image\/","url":"https:\/\/ww-businessline.de\/wp-content\/uploads\/2023\/02\/logo-ww-businessline-white.svg","contentUrl":"https:\/\/ww-businessline.de\/wp-content\/uploads\/2023\/02\/logo-ww-businessline-white.svg","width":469,"height":147,"caption":"ww businessline"},"image":{"@id":"https:\/\/ww-businessline.de\/#\/schema\/logo\/image\/"}}]}},"_links":{"self":[{"href":"https:\/\/ww-businessline.de\/en\/wp-json\/wp\/v2\/pages\/396","targetHints":{"allow":["GET"]}}],"collection":[{"href":"https:\/\/ww-businessline.de\/en\/wp-json\/wp\/v2\/pages"}],"about":[{"href":"https:\/\/ww-businessline.de\/en\/wp-json\/wp\/v2\/types\/page"}],"author":[{"embeddable":true,"href":"https:\/\/ww-businessline.de\/en\/wp-json\/wp\/v2\/users\/1"}],"replies":[{"embeddable":true,"href":"https:\/\/ww-businessline.de\/en\/wp-json\/wp\/v2\/comments?post=396"}],"version-history":[{"count":47,"href":"https:\/\/ww-businessline.de\/en\/wp-json\/wp\/v2\/pages\/396\/revisions"}],"predecessor-version":[{"id":1131,"href":"https:\/\/ww-businessline.de\/en\/wp-json\/wp\/v2\/pages\/396\/revisions\/1131"}],"wp:attachment":[{"href":"https:\/\/ww-businessline.de\/en\/wp-json\/wp\/v2\/media?parent=396"}],"curies":[{"name":"wp","href":"https:\/\/api.w.org\/{rel}","templated":true}]}}