{"id":412,"date":"2023-04-15T12:41:49","date_gmt":"2023-04-15T10:41:49","guid":{"rendered":"https:\/\/ww-businessline.test\/?page_id=57"},"modified":"2023-04-19T19:17:27","modified_gmt":"2023-04-19T17:17:27","slug":"anlageobjekte","status":"publish","type":"page","link":"https:\/\/ww-businessline.de\/en\/anlageobjekte\/","title":{"rendered":"Discover and decide"},"content":{"rendered":"<p>Low interest rates on deposits, volatile financial markets with unpredictable share prices and the declining attractiveness of traditional financial investments have once again made real estate the property of choice for personal provision.<\/p>\n\n\n\n<p>Regardless of whether it is a spacious residential property or a house as an investment - many customers are often left alone by their bank or financier when making this decision. Real estate involves a lot of money and a decision that binds everyone for a long time.<\/p>\n\n\n\n<p>Our philosophy is to provide our clients with comprehensive support and advice when purchasing a property.<\/p>\n\n\n\n<p><strong>We help you with<\/strong><\/p>\n\n\n\n<ul class=\"wp-block-list\">\n<li>the basic consideration of whether a residential property or an investment (apartment building)<\/li>\n\n\n\n<li>analyzing where there are good market opportunities - based on our experience in large cities as well as in attractive medium-sized cities and regional centers<\/li>\n\n\n\n<li>Contact with fair and solid brokers via a wide network<\/li>\n\n\n\n<li>Assessment of whether the purchase price is fair<\/li>\n\n\n\n<li>Involvement of appropriate experts to assess the quality and substance of the building<\/li>\n\n\n\n<li>Profitability calculations and yield assessments - especially when it comes to rented properties and<\/li>\n\n\n\n<li>Finally, the right form of financing, also taking advantage of favorable development loans.<\/li>\n<\/ul>\n\n\n\n<p>Our company is all about complete solutions - so that you can sleep soundly later on<\/p>","protected":false},"excerpt":{"rendered":"<p>Niedrige Guthaben-Zinsen, volatile Finanzm\u00e4rkte mit schwer vorhersehbaren Aktienkursen oder nachlassende Attraktivit\u00e4t von klassischen Geldanlagen haben die Immobilie wieder zu einem Objekt erster Wahl bei der pers\u00f6nlichen Vorsorge gemacht. Gleichg\u00fcltig ob gro\u00dfz\u00fcgiges Wohnobjekt oder eine Haus [&hellip;]<\/p>\n","protected":false},"author":1,"featured_media":250,"parent":0,"menu_order":0,"comment_status":"closed","ping_status":"closed","template":"","meta":{"_acf_changed":false,"site-sidebar-layout":"no-sidebar","site-content-layout":"page-builder","ast-site-content-layout":"default","site-content-style":"default","site-sidebar-style":"default","ast-global-header-display":"","ast-banner-title-visibility":"","ast-main-header-display":"","ast-hfb-above-header-display":"","ast-hfb-below-header-display":"","ast-hfb-mobile-header-display":"","site-post-title":"","ast-breadcrumbs-content":"","ast-featured-img":"","footer-sml-layout":"","ast-disable-related-posts":"","theme-transparent-header-meta":"","adv-header-id-meta":"","stick-header-meta":"","header-above-stick-meta":null,"header-main-stick-meta":"","header-below-stick-meta":null,"astra-migrate-meta-layouts":"default","ast-page-background-enabled":"default","ast-page-background-meta":{"desktop":{"background-color":"var(--ast-global-color-4)","background-image":"","background-repeat":"repeat","background-position":"center center","background-size":"auto","background-attachment":"scroll","background-type":"","background-media":"","overlay-type":"","overlay-color":"","overlay-opacity":"","overlay-gradient":""},"tablet":{"background-color":"","background-image":"","background-repeat":"repeat","background-position":"center center","background-size":"auto","background-attachment":"scroll","background-type":"","background-media":"","overlay-type":"","overlay-color":"","overlay-opacity":"","overlay-gradient":""},"mobile":{"background-color":"","background-image":"","background-repeat":"repeat","background-position":"center center","background-size":"auto","background-attachment":"scroll","background-type":"","background-media":"","overlay-type":"","overlay-color":"","overlay-opacity":"","overlay-gradient":""}},"ast-content-background-meta":{"desktop":{"background-color":"var(--ast-global-color-5)","background-image":"","background-repeat":"repeat","background-position":"center center","background-size":"auto","background-attachment":"scroll","background-type":"","background-media":"","overlay-type":"","overlay-color":"","overlay-opacity":"","overlay-gradient":""},"tablet":{"background-color":"var(--ast-global-color-5)","background-image":"","background-repeat":"repeat","background-position":"center center","background-size":"auto","background-attachment":"scroll","background-type":"","background-media":"","overlay-type":"","overlay-color":"","overlay-opacity":"","overlay-gradient":""},"mobile":{"background-color":"var(--ast-global-color-5)","background-image":"","background-repeat":"repeat","background-position":"center center","background-size":"auto","background-attachment":"scroll","background-type":"","background-media":"","overlay-type":"","overlay-color":"","overlay-opacity":"","overlay-gradient":""}},"footnotes":""},"class_list":["post-412","page","type-page","status-publish","has-post-thumbnail","hentry"],"acf":[],"yoast_head":"<!-- This site is optimized with the Yoast SEO plugin v27.2 - https:\/\/yoast.com\/product\/yoast-seo-wordpress\/ -->\n<title>Entdecken und Entscheiden - ww businessline<\/title>\n<meta name=\"robots\" content=\"index, follow, max-snippet:-1, max-image-preview:large, max-video-preview:-1\" \/>\n<link rel=\"canonical\" href=\"https:\/\/ww-businessline.de\/en\/anlageobjekte\/\" \/>\n<meta property=\"og:locale\" content=\"en_US\" \/>\n<meta property=\"og:type\" content=\"article\" \/>\n<meta property=\"og:title\" content=\"Entdecken und Entscheiden - ww businessline\" \/>\n<meta property=\"og:description\" content=\"Niedrige Guthaben-Zinsen, volatile Finanzm\u00e4rkte mit schwer vorhersehbaren Aktienkursen oder nachlassende Attraktivit\u00e4t von klassischen Geldanlagen haben die Immobilie wieder zu einem Objekt erster Wahl bei der pers\u00f6nlichen Vorsorge gemacht. Gleichg\u00fcltig ob gro\u00dfz\u00fcgiges Wohnobjekt oder eine Haus [&hellip;]\" \/>\n<meta property=\"og:url\" content=\"https:\/\/ww-businessline.de\/en\/anlageobjekte\/\" \/>\n<meta property=\"og:site_name\" content=\"ww businessline\" \/>\n<meta property=\"article:modified_time\" content=\"2023-04-19T17:17:27+00:00\" \/>\n<meta property=\"og:image\" content=\"https:\/\/ww-businessline.de\/wp-content\/uploads\/2023\/02\/vs_anlageobjekte_dk.jpg\" \/>\n\t<meta property=\"og:image:width\" content=\"1440\" \/>\n\t<meta property=\"og:image:height\" content=\"320\" \/>\n\t<meta property=\"og:image:type\" content=\"image\/jpeg\" \/>\n<meta name=\"twitter:card\" content=\"summary_large_image\" \/>\n<meta name=\"twitter:label1\" content=\"Est. reading time\" \/>\n\t<meta name=\"twitter:data1\" content=\"1 minute\" \/>\n<script type=\"application\/ld+json\" class=\"yoast-schema-graph\">{\"@context\":\"https:\/\/schema.org\",\"@graph\":[{\"@type\":\"WebPage\",\"@id\":\"https:\/\/ww-businessline.de\/anlageobjekte\/\",\"url\":\"https:\/\/ww-businessline.de\/anlageobjekte\/\",\"name\":\"Entdecken und Entscheiden - ww businessline\",\"isPartOf\":{\"@id\":\"https:\/\/ww-businessline.de\/#website\"},\"primaryImageOfPage\":{\"@id\":\"https:\/\/ww-businessline.de\/anlageobjekte\/#primaryimage\"},\"image\":{\"@id\":\"https:\/\/ww-businessline.de\/anlageobjekte\/#primaryimage\"},\"thumbnailUrl\":\"https:\/\/ww-businessline.de\/wp-content\/uploads\/2023\/02\/vs_anlageobjekte_dk.jpg\",\"datePublished\":\"2023-04-15T10:41:49+00:00\",\"dateModified\":\"2023-04-19T17:17:27+00:00\",\"breadcrumb\":{\"@id\":\"https:\/\/ww-businessline.de\/anlageobjekte\/#breadcrumb\"},\"inLanguage\":\"en-US\",\"potentialAction\":[{\"@type\":\"ReadAction\",\"target\":[\"https:\/\/ww-businessline.de\/anlageobjekte\/\"]}]},{\"@type\":\"ImageObject\",\"inLanguage\":\"en-US\",\"@id\":\"https:\/\/ww-businessline.de\/anlageobjekte\/#primaryimage\",\"url\":\"https:\/\/ww-businessline.de\/wp-content\/uploads\/2023\/02\/vs_anlageobjekte_dk.jpg\",\"contentUrl\":\"https:\/\/ww-businessline.de\/wp-content\/uploads\/2023\/02\/vs_anlageobjekte_dk.jpg\",\"width\":1440,\"height\":320},{\"@type\":\"BreadcrumbList\",\"@id\":\"https:\/\/ww-businessline.de\/anlageobjekte\/#breadcrumb\",\"itemListElement\":[{\"@type\":\"ListItem\",\"position\":1,\"name\":\"Startseite\",\"item\":\"https:\/\/ww-businessline.de\/\"},{\"@type\":\"ListItem\",\"position\":2,\"name\":\"Entdecken und Entscheiden\"}]},{\"@type\":\"WebSite\",\"@id\":\"https:\/\/ww-businessline.de\/#website\",\"url\":\"https:\/\/ww-businessline.de\/\",\"name\":\"ww businessline\",\"description\":\"Finanzierung von Wohn- und Gesch\u00e4ftsh\u00e4usern\",\"publisher\":{\"@id\":\"https:\/\/ww-businessline.de\/#organization\"},\"potentialAction\":[{\"@type\":\"SearchAction\",\"target\":{\"@type\":\"EntryPoint\",\"urlTemplate\":\"https:\/\/ww-businessline.de\/?s={search_term_string}\"},\"query-input\":{\"@type\":\"PropertyValueSpecification\",\"valueRequired\":true,\"valueName\":\"search_term_string\"}}],\"inLanguage\":\"en-US\"},{\"@type\":\"Organization\",\"@id\":\"https:\/\/ww-businessline.de\/#organization\",\"name\":\"ww businessline\",\"url\":\"https:\/\/ww-businessline.de\/\",\"logo\":{\"@type\":\"ImageObject\",\"inLanguage\":\"en-US\",\"@id\":\"https:\/\/ww-businessline.de\/#\/schema\/logo\/image\/\",\"url\":\"https:\/\/ww-businessline.de\/wp-content\/uploads\/2023\/02\/logo-ww-businessline-white.svg\",\"contentUrl\":\"https:\/\/ww-businessline.de\/wp-content\/uploads\/2023\/02\/logo-ww-businessline-white.svg\",\"width\":469,\"height\":147,\"caption\":\"ww businessline\"},\"image\":{\"@id\":\"https:\/\/ww-businessline.de\/#\/schema\/logo\/image\/\"}}]}<\/script>\n<!-- \/ Yoast SEO plugin. -->","yoast_head_json":{"title":"Discover and decide - ww businessline","robots":{"index":"index","follow":"follow","max-snippet":"max-snippet:-1","max-image-preview":"max-image-preview:large","max-video-preview":"max-video-preview:-1"},"canonical":"https:\/\/ww-businessline.de\/en\/anlageobjekte\/","og_locale":"en_US","og_type":"article","og_title":"Entdecken und Entscheiden - ww businessline","og_description":"Niedrige Guthaben-Zinsen, volatile Finanzm\u00e4rkte mit schwer vorhersehbaren Aktienkursen oder nachlassende Attraktivit\u00e4t von klassischen Geldanlagen haben die Immobilie wieder zu einem Objekt erster Wahl bei der pers\u00f6nlichen Vorsorge gemacht. Gleichg\u00fcltig ob gro\u00dfz\u00fcgiges Wohnobjekt oder eine Haus [&hellip;]","og_url":"https:\/\/ww-businessline.de\/en\/anlageobjekte\/","og_site_name":"ww businessline","article_modified_time":"2023-04-19T17:17:27+00:00","og_image":[{"width":1440,"height":320,"url":"https:\/\/ww-businessline.de\/wp-content\/uploads\/2023\/02\/vs_anlageobjekte_dk.jpg","type":"image\/jpeg"}],"twitter_card":"summary_large_image","twitter_misc":{"Est. reading time":"1 minute"},"schema":{"@context":"https:\/\/schema.org","@graph":[{"@type":"WebPage","@id":"https:\/\/ww-businessline.de\/anlageobjekte\/","url":"https:\/\/ww-businessline.de\/anlageobjekte\/","name":"Discover and decide - ww businessline","isPartOf":{"@id":"https:\/\/ww-businessline.de\/#website"},"primaryImageOfPage":{"@id":"https:\/\/ww-businessline.de\/anlageobjekte\/#primaryimage"},"image":{"@id":"https:\/\/ww-businessline.de\/anlageobjekte\/#primaryimage"},"thumbnailUrl":"https:\/\/ww-businessline.de\/wp-content\/uploads\/2023\/02\/vs_anlageobjekte_dk.jpg","datePublished":"2023-04-15T10:41:49+00:00","dateModified":"2023-04-19T17:17:27+00:00","breadcrumb":{"@id":"https:\/\/ww-businessline.de\/anlageobjekte\/#breadcrumb"},"inLanguage":"en-US","potentialAction":[{"@type":"ReadAction","target":["https:\/\/ww-businessline.de\/anlageobjekte\/"]}]},{"@type":"ImageObject","inLanguage":"en-US","@id":"https:\/\/ww-businessline.de\/anlageobjekte\/#primaryimage","url":"https:\/\/ww-businessline.de\/wp-content\/uploads\/2023\/02\/vs_anlageobjekte_dk.jpg","contentUrl":"https:\/\/ww-businessline.de\/wp-content\/uploads\/2023\/02\/vs_anlageobjekte_dk.jpg","width":1440,"height":320},{"@type":"BreadcrumbList","@id":"https:\/\/ww-businessline.de\/anlageobjekte\/#breadcrumb","itemListElement":[{"@type":"ListItem","position":1,"name":"Startseite","item":"https:\/\/ww-businessline.de\/"},{"@type":"ListItem","position":2,"name":"Entdecken und Entscheiden"}]},{"@type":"WebSite","@id":"https:\/\/ww-businessline.de\/#website","url":"https:\/\/ww-businessline.de\/","name":"ww businessline","description":"Financing of residential and commercial properties","publisher":{"@id":"https:\/\/ww-businessline.de\/#organization"},"potentialAction":[{"@type":"SearchAction","target":{"@type":"EntryPoint","urlTemplate":"https:\/\/ww-businessline.de\/?s={search_term_string}"},"query-input":{"@type":"PropertyValueSpecification","valueRequired":true,"valueName":"search_term_string"}}],"inLanguage":"en-US"},{"@type":"Organization","@id":"https:\/\/ww-businessline.de\/#organization","name":"ww businessline","url":"https:\/\/ww-businessline.de\/","logo":{"@type":"ImageObject","inLanguage":"en-US","@id":"https:\/\/ww-businessline.de\/#\/schema\/logo\/image\/","url":"https:\/\/ww-businessline.de\/wp-content\/uploads\/2023\/02\/logo-ww-businessline-white.svg","contentUrl":"https:\/\/ww-businessline.de\/wp-content\/uploads\/2023\/02\/logo-ww-businessline-white.svg","width":469,"height":147,"caption":"ww businessline"},"image":{"@id":"https:\/\/ww-businessline.de\/#\/schema\/logo\/image\/"}}]}},"_links":{"self":[{"href":"https:\/\/ww-businessline.de\/en\/wp-json\/wp\/v2\/pages\/412","targetHints":{"allow":["GET"]}}],"collection":[{"href":"https:\/\/ww-businessline.de\/en\/wp-json\/wp\/v2\/pages"}],"about":[{"href":"https:\/\/ww-businessline.de\/en\/wp-json\/wp\/v2\/types\/page"}],"author":[{"embeddable":true,"href":"https:\/\/ww-businessline.de\/en\/wp-json\/wp\/v2\/users\/1"}],"replies":[{"embeddable":true,"href":"https:\/\/ww-businessline.de\/en\/wp-json\/wp\/v2\/comments?post=412"}],"version-history":[{"count":2,"href":"https:\/\/ww-businessline.de\/en\/wp-json\/wp\/v2\/pages\/412\/revisions"}],"predecessor-version":[{"id":694,"href":"https:\/\/ww-businessline.de\/en\/wp-json\/wp\/v2\/pages\/412\/revisions\/694"}],"wp:featuredmedia":[{"embeddable":true,"href":"https:\/\/ww-businessline.de\/en\/wp-json\/wp\/v2\/media\/250"}],"wp:attachment":[{"href":"https:\/\/ww-businessline.de\/en\/wp-json\/wp\/v2\/media?parent=412"}],"curies":[{"name":"wp","href":"https:\/\/api.w.org\/{rel}","templated":true}]}}