{"id":413,"date":"2023-04-15T12:42:50","date_gmt":"2023-04-15T10:42:50","guid":{"rendered":"https:\/\/ww-businessline.test\/?page_id=59"},"modified":"2026-02-24T20:17:30","modified_gmt":"2026-02-24T19:17:30","slug":"wohn-und-geschaftshauser","status":"publish","type":"page","link":"https:\/\/ww-businessline.de\/en\/anlageobjekte\/wohn-und-geschaftshauser\/","title":{"rendered":"Residential and commercial buildings"},"content":{"rendered":"<p><strong>We already know the ideal partner for you among 30 renowned credit institutions.<\/strong><\/p>\n\n\n\n<p>Finance Solutions Von Schledorn has been planning and realizing profitable financing for residential and commercial buildings and other investment properties since 1985. We will find the financial partner with whom you can realize your project promptly and precisely. And if you make use of our professional know-how, you avoid time-consuming detours.<\/p>\n\n\n\n<p>Debt restructuring, new purchase, renovation - we will find the ideal model for your individual situation to bring you closer to your wishes. We can also help you with non-recourse financing.<\/p>\n\n\n\n<p>30 renowned credit institutions are part of our extensive service portfolio.<\/p>","protected":false},"excerpt":{"rendered":"<p>Wir kennen unter 30 renommierten Kreditinstituten bereits den idealen Partner f\u00fcr Sie. Finance Solutions Von Schledorn plant und realisiert seit 1985 rentable Finanzierungen von Wohn- und Gesch\u00e4ftsh\u00e4usern und anderen Anlageobjekten. Wir finden f\u00fcr Sie den [&hellip;]<\/p>\n","protected":false},"author":1,"featured_media":0,"parent":412,"menu_order":0,"comment_status":"closed","ping_status":"closed","template":"","meta":{"_acf_changed":false,"site-sidebar-layout":"no-sidebar","site-content-layout":"page-builder","ast-site-content-layout":"normal-width-container","site-content-style":"unboxed","site-sidebar-style":"unboxed","ast-global-header-display":"","ast-banner-title-visibility":"","ast-main-header-display":"","ast-hfb-above-header-display":"","ast-hfb-below-header-display":"","ast-hfb-mobile-header-display":"","site-post-title":"","ast-breadcrumbs-content":"","ast-featured-img":"","footer-sml-layout":"","ast-disable-related-posts":"","theme-transparent-header-meta":"","adv-header-id-meta":"","stick-header-meta":"","header-above-stick-meta":"","header-main-stick-meta":"","header-below-stick-meta":"","astra-migrate-meta-layouts":"set","ast-page-background-enabled":"default","ast-page-background-meta":{"desktop":{"background-color":"var(--ast-global-color-4)","background-image":"","background-repeat":"repeat","background-position":"center center","background-size":"auto","background-attachment":"scroll","background-type":"","background-media":"","overlay-type":"","overlay-color":"","overlay-opacity":"","overlay-gradient":""},"tablet":{"background-color":"","background-image":"","background-repeat":"repeat","background-position":"center center","background-size":"auto","background-attachment":"scroll","background-type":"","background-media":"","overlay-type":"","overlay-color":"","overlay-opacity":"","overlay-gradient":""},"mobile":{"background-color":"","background-image":"","background-repeat":"repeat","background-position":"center center","background-size":"auto","background-attachment":"scroll","background-type":"","background-media":"","overlay-type":"","overlay-color":"","overlay-opacity":"","overlay-gradient":""}},"ast-content-background-meta":{"desktop":{"background-color":"var(--ast-global-color-5)","background-image":"","background-repeat":"repeat","background-position":"center center","background-size":"auto","background-attachment":"scroll","background-type":"","background-media":"","overlay-type":"","overlay-color":"","overlay-opacity":"","overlay-gradient":""},"tablet":{"background-color":"var(--ast-global-color-5)","background-image":"","background-repeat":"repeat","background-position":"center center","background-size":"auto","background-attachment":"scroll","background-type":"","background-media":"","overlay-type":"","overlay-color":"","overlay-opacity":"","overlay-gradient":""},"mobile":{"background-color":"var(--ast-global-color-5)","background-image":"","background-repeat":"repeat","background-position":"center center","background-size":"auto","background-attachment":"scroll","background-type":"","background-media":"","overlay-type":"","overlay-color":"","overlay-opacity":"","overlay-gradient":""}},"footnotes":""},"class_list":["post-413","page","type-page","status-publish","hentry"],"acf":[],"yoast_head":"<!-- This site is optimized with the Yoast SEO plugin v27.2 - https:\/\/yoast.com\/product\/yoast-seo-wordpress\/ -->\n<title>Wohn- und Gesch\u00e4ftsh\u00e4user - ww businessline<\/title>\n<meta name=\"robots\" content=\"index, follow, max-snippet:-1, max-image-preview:large, max-video-preview:-1\" \/>\n<link rel=\"canonical\" href=\"https:\/\/ww-businessline.de\/en\/anlageobjekte\/wohn-und-geschaftshauser\/\" \/>\n<meta property=\"og:locale\" content=\"en_US\" \/>\n<meta property=\"og:type\" content=\"article\" \/>\n<meta property=\"og:title\" content=\"Wohn- und Gesch\u00e4ftsh\u00e4user - ww businessline\" \/>\n<meta property=\"og:description\" content=\"Wir kennen unter 30 renommierten Kreditinstituten bereits den idealen Partner f\u00fcr Sie. Finance Solutions Von Schledorn plant und realisiert seit 1985 rentable Finanzierungen von Wohn- und Gesch\u00e4ftsh\u00e4usern und anderen Anlageobjekten. Wir finden f\u00fcr Sie den [&hellip;]\" \/>\n<meta property=\"og:url\" content=\"https:\/\/ww-businessline.de\/en\/anlageobjekte\/wohn-und-geschaftshauser\/\" \/>\n<meta property=\"og:site_name\" content=\"ww businessline\" \/>\n<meta property=\"article:modified_time\" content=\"2026-02-24T19:17:30+00:00\" \/>\n<meta name=\"twitter:card\" content=\"summary_large_image\" \/>\n<meta name=\"twitter:label1\" content=\"Est. reading time\" \/>\n\t<meta name=\"twitter:data1\" content=\"1 minute\" \/>\n<script type=\"application\/ld+json\" class=\"yoast-schema-graph\">{\"@context\":\"https:\/\/schema.org\",\"@graph\":[{\"@type\":\"WebPage\",\"@id\":\"https:\/\/ww-businessline.de\/anlageobjekte\/wohn-und-geschaftshauser\/\",\"url\":\"https:\/\/ww-businessline.de\/anlageobjekte\/wohn-und-geschaftshauser\/\",\"name\":\"Wohn- und Gesch\u00e4ftsh\u00e4user - ww businessline\",\"isPartOf\":{\"@id\":\"https:\/\/ww-businessline.de\/#website\"},\"datePublished\":\"2023-04-15T10:42:50+00:00\",\"dateModified\":\"2026-02-24T19:17:30+00:00\",\"breadcrumb\":{\"@id\":\"https:\/\/ww-businessline.de\/anlageobjekte\/wohn-und-geschaftshauser\/#breadcrumb\"},\"inLanguage\":\"en-US\",\"potentialAction\":[{\"@type\":\"ReadAction\",\"target\":[\"https:\/\/ww-businessline.de\/anlageobjekte\/wohn-und-geschaftshauser\/\"]}]},{\"@type\":\"BreadcrumbList\",\"@id\":\"https:\/\/ww-businessline.de\/anlageobjekte\/wohn-und-geschaftshauser\/#breadcrumb\",\"itemListElement\":[{\"@type\":\"ListItem\",\"position\":1,\"name\":\"Startseite\",\"item\":\"https:\/\/ww-businessline.de\/\"},{\"@type\":\"ListItem\",\"position\":2,\"name\":\"Entdecken und Entscheiden\",\"item\":\"https:\/\/ww-businessline.de\/anlageobjekte\/\"},{\"@type\":\"ListItem\",\"position\":3,\"name\":\"Wohn- und Gesch\u00e4ftsh\u00e4user\"}]},{\"@type\":\"WebSite\",\"@id\":\"https:\/\/ww-businessline.de\/#website\",\"url\":\"https:\/\/ww-businessline.de\/\",\"name\":\"ww businessline\",\"description\":\"Finanzierung von Wohn- und Gesch\u00e4ftsh\u00e4usern\",\"publisher\":{\"@id\":\"https:\/\/ww-businessline.de\/#organization\"},\"potentialAction\":[{\"@type\":\"SearchAction\",\"target\":{\"@type\":\"EntryPoint\",\"urlTemplate\":\"https:\/\/ww-businessline.de\/?s={search_term_string}\"},\"query-input\":{\"@type\":\"PropertyValueSpecification\",\"valueRequired\":true,\"valueName\":\"search_term_string\"}}],\"inLanguage\":\"en-US\"},{\"@type\":\"Organization\",\"@id\":\"https:\/\/ww-businessline.de\/#organization\",\"name\":\"ww businessline\",\"url\":\"https:\/\/ww-businessline.de\/\",\"logo\":{\"@type\":\"ImageObject\",\"inLanguage\":\"en-US\",\"@id\":\"https:\/\/ww-businessline.de\/#\/schema\/logo\/image\/\",\"url\":\"https:\/\/ww-businessline.de\/wp-content\/uploads\/2023\/02\/logo-ww-businessline-white.svg\",\"contentUrl\":\"https:\/\/ww-businessline.de\/wp-content\/uploads\/2023\/02\/logo-ww-businessline-white.svg\",\"width\":469,\"height\":147,\"caption\":\"ww businessline\"},\"image\":{\"@id\":\"https:\/\/ww-businessline.de\/#\/schema\/logo\/image\/\"}}]}<\/script>\n<!-- \/ Yoast SEO plugin. -->","yoast_head_json":{"title":"Residential and commercial buildings - ww businessline","robots":{"index":"index","follow":"follow","max-snippet":"max-snippet:-1","max-image-preview":"max-image-preview:large","max-video-preview":"max-video-preview:-1"},"canonical":"https:\/\/ww-businessline.de\/en\/anlageobjekte\/wohn-und-geschaftshauser\/","og_locale":"en_US","og_type":"article","og_title":"Wohn- und Gesch\u00e4ftsh\u00e4user - ww businessline","og_description":"Wir kennen unter 30 renommierten Kreditinstituten bereits den idealen Partner f\u00fcr Sie. Finance Solutions Von Schledorn plant und realisiert seit 1985 rentable Finanzierungen von Wohn- und Gesch\u00e4ftsh\u00e4usern und anderen Anlageobjekten. Wir finden f\u00fcr Sie den [&hellip;]","og_url":"https:\/\/ww-businessline.de\/en\/anlageobjekte\/wohn-und-geschaftshauser\/","og_site_name":"ww businessline","article_modified_time":"2026-02-24T19:17:30+00:00","twitter_card":"summary_large_image","twitter_misc":{"Est. reading time":"1 minute"},"schema":{"@context":"https:\/\/schema.org","@graph":[{"@type":"WebPage","@id":"https:\/\/ww-businessline.de\/anlageobjekte\/wohn-und-geschaftshauser\/","url":"https:\/\/ww-businessline.de\/anlageobjekte\/wohn-und-geschaftshauser\/","name":"Residential and commercial buildings - ww businessline","isPartOf":{"@id":"https:\/\/ww-businessline.de\/#website"},"datePublished":"2023-04-15T10:42:50+00:00","dateModified":"2026-02-24T19:17:30+00:00","breadcrumb":{"@id":"https:\/\/ww-businessline.de\/anlageobjekte\/wohn-und-geschaftshauser\/#breadcrumb"},"inLanguage":"en-US","potentialAction":[{"@type":"ReadAction","target":["https:\/\/ww-businessline.de\/anlageobjekte\/wohn-und-geschaftshauser\/"]}]},{"@type":"BreadcrumbList","@id":"https:\/\/ww-businessline.de\/anlageobjekte\/wohn-und-geschaftshauser\/#breadcrumb","itemListElement":[{"@type":"ListItem","position":1,"name":"Startseite","item":"https:\/\/ww-businessline.de\/"},{"@type":"ListItem","position":2,"name":"Entdecken und Entscheiden","item":"https:\/\/ww-businessline.de\/anlageobjekte\/"},{"@type":"ListItem","position":3,"name":"Wohn- und Gesch\u00e4ftsh\u00e4user"}]},{"@type":"WebSite","@id":"https:\/\/ww-businessline.de\/#website","url":"https:\/\/ww-businessline.de\/","name":"ww businessline","description":"Financing of residential and commercial properties","publisher":{"@id":"https:\/\/ww-businessline.de\/#organization"},"potentialAction":[{"@type":"SearchAction","target":{"@type":"EntryPoint","urlTemplate":"https:\/\/ww-businessline.de\/?s={search_term_string}"},"query-input":{"@type":"PropertyValueSpecification","valueRequired":true,"valueName":"search_term_string"}}],"inLanguage":"en-US"},{"@type":"Organization","@id":"https:\/\/ww-businessline.de\/#organization","name":"ww businessline","url":"https:\/\/ww-businessline.de\/","logo":{"@type":"ImageObject","inLanguage":"en-US","@id":"https:\/\/ww-businessline.de\/#\/schema\/logo\/image\/","url":"https:\/\/ww-businessline.de\/wp-content\/uploads\/2023\/02\/logo-ww-businessline-white.svg","contentUrl":"https:\/\/ww-businessline.de\/wp-content\/uploads\/2023\/02\/logo-ww-businessline-white.svg","width":469,"height":147,"caption":"ww businessline"},"image":{"@id":"https:\/\/ww-businessline.de\/#\/schema\/logo\/image\/"}}]}},"_links":{"self":[{"href":"https:\/\/ww-businessline.de\/en\/wp-json\/wp\/v2\/pages\/413","targetHints":{"allow":["GET"]}}],"collection":[{"href":"https:\/\/ww-businessline.de\/en\/wp-json\/wp\/v2\/pages"}],"about":[{"href":"https:\/\/ww-businessline.de\/en\/wp-json\/wp\/v2\/types\/page"}],"author":[{"embeddable":true,"href":"https:\/\/ww-businessline.de\/en\/wp-json\/wp\/v2\/users\/1"}],"replies":[{"embeddable":true,"href":"https:\/\/ww-businessline.de\/en\/wp-json\/wp\/v2\/comments?post=413"}],"version-history":[{"count":4,"href":"https:\/\/ww-businessline.de\/en\/wp-json\/wp\/v2\/pages\/413\/revisions"}],"predecessor-version":[{"id":1531,"href":"https:\/\/ww-businessline.de\/en\/wp-json\/wp\/v2\/pages\/413\/revisions\/1531"}],"up":[{"embeddable":true,"href":"https:\/\/ww-businessline.de\/en\/wp-json\/wp\/v2\/pages\/412"}],"wp:attachment":[{"href":"https:\/\/ww-businessline.de\/en\/wp-json\/wp\/v2\/media?parent=413"}],"curies":[{"name":"wp","href":"https:\/\/api.w.org\/{rel}","templated":true}]}}