{"id":414,"date":"2023-04-15T12:43:32","date_gmt":"2023-04-15T10:43:32","guid":{"rendered":"https:\/\/ww-businessline.test\/?page_id=61"},"modified":"2023-04-19T23:44:26","modified_gmt":"2023-04-19T21:44:26","slug":"eigentumswohnung-einfamilienhaus","status":"publish","type":"page","link":"https:\/\/ww-businessline.de\/en\/anlageobjekte\/eigentumswohnung-einfamilienhaus\/","title":{"rendered":"Financing a condominium or single-family home"},"content":{"rendered":"<h2 class=\"wp-block-heading\">Condominium \/ single-family house<\/h2>\n\n\n\n<p>When financing a condominium or a single-family home, it is important to bear in mind that the investment for a single condominium (house allowance) is relatively more important than for a multi-family home.<\/p>\n\n\n\n<p>The cash flow of the financing is adjusted in such a way that there is no disadvantageous shortfall for the investor. Above all, it is relevant whether the property remains in your portfolio in the medium or long term.<\/p>\n\n\n\n<p>Tailor-made financing for you is our core mission.<\/p>","protected":false},"excerpt":{"rendered":"<p>Eigentumswohnung \/ Einfamilienhaus Bei Finanzierung einer Eigentumswohnung oder eines Einfamilienhaus ist der Aspekt zu ber\u00fccksichtigen, dass die Investitionen f\u00fcr eine einzelne Eigentumswohnung (Hausgeld)&nbsp; in Relation mehr ins Gewicht fallen als f\u00fcr ein Mehrfamilienhaus. Der Cash [&hellip;]<\/p>\n","protected":false},"author":1,"featured_media":250,"parent":412,"menu_order":20,"comment_status":"closed","ping_status":"closed","template":"","meta":{"_acf_changed":false,"site-sidebar-layout":"no-sidebar","site-content-layout":"page-builder","ast-site-content-layout":"default","site-content-style":"default","site-sidebar-style":"default","ast-global-header-display":"","ast-banner-title-visibility":"","ast-main-header-display":"","ast-hfb-above-header-display":"","ast-hfb-below-header-display":"","ast-hfb-mobile-header-display":"","site-post-title":"","ast-breadcrumbs-content":"","ast-featured-img":"","footer-sml-layout":"","ast-disable-related-posts":"","theme-transparent-header-meta":"","adv-header-id-meta":"","stick-header-meta":"","header-above-stick-meta":null,"header-main-stick-meta":"","header-below-stick-meta":null,"astra-migrate-meta-layouts":"default","ast-page-background-enabled":"default","ast-page-background-meta":{"desktop":{"background-color":"var(--ast-global-color-4)","background-image":"","background-repeat":"repeat","background-position":"center center","background-size":"auto","background-attachment":"scroll","background-type":"","background-media":"","overlay-type":"","overlay-color":"","overlay-opacity":"","overlay-gradient":""},"tablet":{"background-color":"","background-image":"","background-repeat":"repeat","background-position":"center center","background-size":"auto","background-attachment":"scroll","background-type":"","background-media":"","overlay-type":"","overlay-color":"","overlay-opacity":"","overlay-gradient":""},"mobile":{"background-color":"","background-image":"","background-repeat":"repeat","background-position":"center center","background-size":"auto","background-attachment":"scroll","background-type":"","background-media":"","overlay-type":"","overlay-color":"","overlay-opacity":"","overlay-gradient":""}},"ast-content-background-meta":{"desktop":{"background-color":"var(--ast-global-color-5)","background-image":"","background-repeat":"repeat","background-position":"center center","background-size":"auto","background-attachment":"scroll","background-type":"","background-media":"","overlay-type":"","overlay-color":"","overlay-opacity":"","overlay-gradient":""},"tablet":{"background-color":"var(--ast-global-color-5)","background-image":"","background-repeat":"repeat","background-position":"center center","background-size":"auto","background-attachment":"scroll","background-type":"","background-media":"","overlay-type":"","overlay-color":"","overlay-opacity":"","overlay-gradient":""},"mobile":{"background-color":"var(--ast-global-color-5)","background-image":"","background-repeat":"repeat","background-position":"center center","background-size":"auto","background-attachment":"scroll","background-type":"","background-media":"","overlay-type":"","overlay-color":"","overlay-opacity":"","overlay-gradient":""}},"footnotes":""},"class_list":["post-414","page","type-page","status-publish","has-post-thumbnail","hentry"],"acf":[],"yoast_head":"<!-- This site is optimized with the Yoast SEO plugin v27.4 - https:\/\/yoast.com\/product\/yoast-seo-wordpress\/ -->\n<title>Finanzierung einer Eigentumswohnung oder eines Einfamilienhauses - ww businessline<\/title>\n<meta name=\"robots\" content=\"index, follow, max-snippet:-1, max-image-preview:large, max-video-preview:-1\" \/>\n<link rel=\"canonical\" href=\"https:\/\/ww-businessline.de\/en\/anlageobjekte\/eigentumswohnung-einfamilienhaus\/\" \/>\n<meta property=\"og:locale\" content=\"en_US\" \/>\n<meta property=\"og:type\" content=\"article\" \/>\n<meta property=\"og:title\" content=\"Finanzierung einer Eigentumswohnung oder eines Einfamilienhauses - ww businessline\" \/>\n<meta property=\"og:description\" content=\"Eigentumswohnung \/ Einfamilienhaus Bei Finanzierung einer Eigentumswohnung oder eines Einfamilienhaus ist der Aspekt zu ber\u00fccksichtigen, dass die Investitionen f\u00fcr eine einzelne Eigentumswohnung (Hausgeld)&nbsp; in Relation mehr ins Gewicht fallen als f\u00fcr ein Mehrfamilienhaus. Der Cash [&hellip;]\" \/>\n<meta property=\"og:url\" content=\"https:\/\/ww-businessline.de\/en\/anlageobjekte\/eigentumswohnung-einfamilienhaus\/\" \/>\n<meta property=\"og:site_name\" content=\"ww businessline\" \/>\n<meta property=\"article:modified_time\" content=\"2023-04-19T21:44:26+00:00\" \/>\n<meta property=\"og:image\" content=\"https:\/\/ww-businessline.de\/wp-content\/uploads\/2023\/02\/vs_anlageobjekte_dk.jpg\" \/>\n\t<meta property=\"og:image:width\" content=\"1440\" \/>\n\t<meta property=\"og:image:height\" content=\"320\" \/>\n\t<meta property=\"og:image:type\" content=\"image\/jpeg\" \/>\n<meta name=\"twitter:card\" content=\"summary_large_image\" \/>\n<script type=\"application\/ld+json\" class=\"yoast-schema-graph\">{\"@context\":\"https:\\\/\\\/schema.org\",\"@graph\":[{\"@type\":\"WebPage\",\"@id\":\"https:\\\/\\\/ww-businessline.de\\\/anlageobjekte\\\/eigentumswohnung-einfamilienhaus\\\/\",\"url\":\"https:\\\/\\\/ww-businessline.de\\\/anlageobjekte\\\/eigentumswohnung-einfamilienhaus\\\/\",\"name\":\"Finanzierung einer Eigentumswohnung oder eines Einfamilienhauses - ww businessline\",\"isPartOf\":{\"@id\":\"https:\\\/\\\/ww-businessline.de\\\/#website\"},\"primaryImageOfPage\":{\"@id\":\"https:\\\/\\\/ww-businessline.de\\\/anlageobjekte\\\/eigentumswohnung-einfamilienhaus\\\/#primaryimage\"},\"image\":{\"@id\":\"https:\\\/\\\/ww-businessline.de\\\/anlageobjekte\\\/eigentumswohnung-einfamilienhaus\\\/#primaryimage\"},\"thumbnailUrl\":\"https:\\\/\\\/ww-businessline.de\\\/wp-content\\\/uploads\\\/2023\\\/02\\\/vs_anlageobjekte_dk.jpg\",\"datePublished\":\"2023-04-15T10:43:32+00:00\",\"dateModified\":\"2023-04-19T21:44:26+00:00\",\"breadcrumb\":{\"@id\":\"https:\\\/\\\/ww-businessline.de\\\/anlageobjekte\\\/eigentumswohnung-einfamilienhaus\\\/#breadcrumb\"},\"inLanguage\":\"en-US\",\"potentialAction\":[{\"@type\":\"ReadAction\",\"target\":[\"https:\\\/\\\/ww-businessline.de\\\/anlageobjekte\\\/eigentumswohnung-einfamilienhaus\\\/\"]}]},{\"@type\":\"ImageObject\",\"inLanguage\":\"en-US\",\"@id\":\"https:\\\/\\\/ww-businessline.de\\\/anlageobjekte\\\/eigentumswohnung-einfamilienhaus\\\/#primaryimage\",\"url\":\"https:\\\/\\\/ww-businessline.de\\\/wp-content\\\/uploads\\\/2023\\\/02\\\/vs_anlageobjekte_dk.jpg\",\"contentUrl\":\"https:\\\/\\\/ww-businessline.de\\\/wp-content\\\/uploads\\\/2023\\\/02\\\/vs_anlageobjekte_dk.jpg\",\"width\":1440,\"height\":320},{\"@type\":\"BreadcrumbList\",\"@id\":\"https:\\\/\\\/ww-businessline.de\\\/anlageobjekte\\\/eigentumswohnung-einfamilienhaus\\\/#breadcrumb\",\"itemListElement\":[{\"@type\":\"ListItem\",\"position\":1,\"name\":\"Startseite\",\"item\":\"https:\\\/\\\/ww-businessline.de\\\/\"},{\"@type\":\"ListItem\",\"position\":2,\"name\":\"Entdecken und Entscheiden\",\"item\":\"https:\\\/\\\/ww-businessline.de\\\/anlageobjekte\\\/\"},{\"@type\":\"ListItem\",\"position\":3,\"name\":\"Finanzierung einer Eigentumswohnung oder eines Einfamilienhauses\"}]},{\"@type\":\"WebSite\",\"@id\":\"https:\\\/\\\/ww-businessline.de\\\/#website\",\"url\":\"https:\\\/\\\/ww-businessline.de\\\/\",\"name\":\"ww businessline\",\"description\":\"Finanzierung von Wohn- und Gesch\u00e4ftsh\u00e4usern\",\"publisher\":{\"@id\":\"https:\\\/\\\/ww-businessline.de\\\/#organization\"},\"potentialAction\":[{\"@type\":\"SearchAction\",\"target\":{\"@type\":\"EntryPoint\",\"urlTemplate\":\"https:\\\/\\\/ww-businessline.de\\\/?s={search_term_string}\"},\"query-input\":{\"@type\":\"PropertyValueSpecification\",\"valueRequired\":true,\"valueName\":\"search_term_string\"}}],\"inLanguage\":\"en-US\"},{\"@type\":\"Organization\",\"@id\":\"https:\\\/\\\/ww-businessline.de\\\/#organization\",\"name\":\"ww businessline\",\"url\":\"https:\\\/\\\/ww-businessline.de\\\/\",\"logo\":{\"@type\":\"ImageObject\",\"inLanguage\":\"en-US\",\"@id\":\"https:\\\/\\\/ww-businessline.de\\\/#\\\/schema\\\/logo\\\/image\\\/\",\"url\":\"https:\\\/\\\/ww-businessline.de\\\/wp-content\\\/uploads\\\/2023\\\/02\\\/logo-ww-businessline-white.svg\",\"contentUrl\":\"https:\\\/\\\/ww-businessline.de\\\/wp-content\\\/uploads\\\/2023\\\/02\\\/logo-ww-businessline-white.svg\",\"width\":469,\"height\":147,\"caption\":\"ww businessline\"},\"image\":{\"@id\":\"https:\\\/\\\/ww-businessline.de\\\/#\\\/schema\\\/logo\\\/image\\\/\"}}]}<\/script>\n<!-- \/ Yoast SEO plugin. -->","yoast_head_json":{"title":"Financing a condominium or single-family home - ww businessline","robots":{"index":"index","follow":"follow","max-snippet":"max-snippet:-1","max-image-preview":"max-image-preview:large","max-video-preview":"max-video-preview:-1"},"canonical":"https:\/\/ww-businessline.de\/en\/anlageobjekte\/eigentumswohnung-einfamilienhaus\/","og_locale":"en_US","og_type":"article","og_title":"Finanzierung einer Eigentumswohnung oder eines Einfamilienhauses - ww businessline","og_description":"Eigentumswohnung \/ Einfamilienhaus Bei Finanzierung einer Eigentumswohnung oder eines Einfamilienhaus ist der Aspekt zu ber\u00fccksichtigen, dass die Investitionen f\u00fcr eine einzelne Eigentumswohnung (Hausgeld)&nbsp; in Relation mehr ins Gewicht fallen als f\u00fcr ein Mehrfamilienhaus. Der Cash [&hellip;]","og_url":"https:\/\/ww-businessline.de\/en\/anlageobjekte\/eigentumswohnung-einfamilienhaus\/","og_site_name":"ww businessline","article_modified_time":"2023-04-19T21:44:26+00:00","og_image":[{"width":1440,"height":320,"url":"https:\/\/ww-businessline.de\/wp-content\/uploads\/2023\/02\/vs_anlageobjekte_dk.jpg","type":"image\/jpeg"}],"twitter_card":"summary_large_image","schema":{"@context":"https:\/\/schema.org","@graph":[{"@type":"WebPage","@id":"https:\/\/ww-businessline.de\/anlageobjekte\/eigentumswohnung-einfamilienhaus\/","url":"https:\/\/ww-businessline.de\/anlageobjekte\/eigentumswohnung-einfamilienhaus\/","name":"Financing a condominium or single-family home - ww businessline","isPartOf":{"@id":"https:\/\/ww-businessline.de\/#website"},"primaryImageOfPage":{"@id":"https:\/\/ww-businessline.de\/anlageobjekte\/eigentumswohnung-einfamilienhaus\/#primaryimage"},"image":{"@id":"https:\/\/ww-businessline.de\/anlageobjekte\/eigentumswohnung-einfamilienhaus\/#primaryimage"},"thumbnailUrl":"https:\/\/ww-businessline.de\/wp-content\/uploads\/2023\/02\/vs_anlageobjekte_dk.jpg","datePublished":"2023-04-15T10:43:32+00:00","dateModified":"2023-04-19T21:44:26+00:00","breadcrumb":{"@id":"https:\/\/ww-businessline.de\/anlageobjekte\/eigentumswohnung-einfamilienhaus\/#breadcrumb"},"inLanguage":"en-US","potentialAction":[{"@type":"ReadAction","target":["https:\/\/ww-businessline.de\/anlageobjekte\/eigentumswohnung-einfamilienhaus\/"]}]},{"@type":"ImageObject","inLanguage":"en-US","@id":"https:\/\/ww-businessline.de\/anlageobjekte\/eigentumswohnung-einfamilienhaus\/#primaryimage","url":"https:\/\/ww-businessline.de\/wp-content\/uploads\/2023\/02\/vs_anlageobjekte_dk.jpg","contentUrl":"https:\/\/ww-businessline.de\/wp-content\/uploads\/2023\/02\/vs_anlageobjekte_dk.jpg","width":1440,"height":320},{"@type":"BreadcrumbList","@id":"https:\/\/ww-businessline.de\/anlageobjekte\/eigentumswohnung-einfamilienhaus\/#breadcrumb","itemListElement":[{"@type":"ListItem","position":1,"name":"Startseite","item":"https:\/\/ww-businessline.de\/"},{"@type":"ListItem","position":2,"name":"Entdecken und Entscheiden","item":"https:\/\/ww-businessline.de\/anlageobjekte\/"},{"@type":"ListItem","position":3,"name":"Finanzierung einer Eigentumswohnung oder eines Einfamilienhauses"}]},{"@type":"WebSite","@id":"https:\/\/ww-businessline.de\/#website","url":"https:\/\/ww-businessline.de\/","name":"ww businessline","description":"Financing of residential and commercial properties","publisher":{"@id":"https:\/\/ww-businessline.de\/#organization"},"potentialAction":[{"@type":"SearchAction","target":{"@type":"EntryPoint","urlTemplate":"https:\/\/ww-businessline.de\/?s={search_term_string}"},"query-input":{"@type":"PropertyValueSpecification","valueRequired":true,"valueName":"search_term_string"}}],"inLanguage":"en-US"},{"@type":"Organization","@id":"https:\/\/ww-businessline.de\/#organization","name":"ww businessline","url":"https:\/\/ww-businessline.de\/","logo":{"@type":"ImageObject","inLanguage":"en-US","@id":"https:\/\/ww-businessline.de\/#\/schema\/logo\/image\/","url":"https:\/\/ww-businessline.de\/wp-content\/uploads\/2023\/02\/logo-ww-businessline-white.svg","contentUrl":"https:\/\/ww-businessline.de\/wp-content\/uploads\/2023\/02\/logo-ww-businessline-white.svg","width":469,"height":147,"caption":"ww businessline"},"image":{"@id":"https:\/\/ww-businessline.de\/#\/schema\/logo\/image\/"}}]}},"_links":{"self":[{"href":"https:\/\/ww-businessline.de\/en\/wp-json\/wp\/v2\/pages\/414","targetHints":{"allow":["GET"]}}],"collection":[{"href":"https:\/\/ww-businessline.de\/en\/wp-json\/wp\/v2\/pages"}],"about":[{"href":"https:\/\/ww-businessline.de\/en\/wp-json\/wp\/v2\/types\/page"}],"author":[{"embeddable":true,"href":"https:\/\/ww-businessline.de\/en\/wp-json\/wp\/v2\/users\/1"}],"replies":[{"embeddable":true,"href":"https:\/\/ww-businessline.de\/en\/wp-json\/wp\/v2\/comments?post=414"}],"version-history":[{"count":7,"href":"https:\/\/ww-businessline.de\/en\/wp-json\/wp\/v2\/pages\/414\/revisions"}],"predecessor-version":[{"id":727,"href":"https:\/\/ww-businessline.de\/en\/wp-json\/wp\/v2\/pages\/414\/revisions\/727"}],"up":[{"embeddable":true,"href":"https:\/\/ww-businessline.de\/en\/wp-json\/wp\/v2\/pages\/412"}],"wp:featuredmedia":[{"embeddable":true,"href":"https:\/\/ww-businessline.de\/en\/wp-json\/wp\/v2\/media\/250"}],"wp:attachment":[{"href":"https:\/\/ww-businessline.de\/en\/wp-json\/wp\/v2\/media?parent=414"}],"curies":[{"name":"wp","href":"https:\/\/api.w.org\/{rel}","templated":true}]}}