{"id":415,"date":"2023-04-15T12:44:05","date_gmt":"2023-04-15T10:44:05","guid":{"rendered":"https:\/\/ww-businessline.test\/?page_id=63"},"modified":"2026-02-24T20:19:35","modified_gmt":"2026-02-24T19:19:35","slug":"gewerbeobjekt","status":"publish","type":"page","link":"https:\/\/ww-businessline.de\/en\/anlageobjekte\/gewerbeobjekt\/","title":{"rendered":"Commercial property"},"content":{"rendered":"<p><strong>A careful examination of all factors avoids surprises.<\/strong><\/p>\n\n\n\n<p>A commercial property as a capital investment harbors specific risks. We therefore analyze the property thoroughly before purchasing it.<\/p>\n\n\n\n<p><strong>No purchase without these questions:<\/strong><\/p>\n\n\n\n<ul class=\"wp-block-list\">\n<li>Who and how strong is the commercial tenant?<\/li>\n\n\n\n<li>What is the term of the contract?<\/li>\n\n\n\n<li>How strong is the location?<\/li>\n\n\n\n<li>Can the property be rented out continuously?<\/li>\n<\/ul>\n\n\n\n<p>We will check your desired property and arrange suitable financing for your purchase.<\/p>","protected":false},"excerpt":{"rendered":"<p>Eine sorgf\u00e4ltige Pr\u00fcfung aller Faktoren vermeidet \u00dcberraschungen. Ein Gewerbeobjekt als Kapitalanlage birgt spezifische Risiken. Daher analysieren wir das Objekt vor dem Kauf auf Herz und Nieren. Ohne diese Fragen kein Kauf: Wir pr\u00fcfen Ihr Wunschobjekt [&hellip;]<\/p>\n","protected":false},"author":1,"featured_media":251,"parent":412,"menu_order":30,"comment_status":"closed","ping_status":"closed","template":"","meta":{"_acf_changed":false,"site-sidebar-layout":"no-sidebar","site-content-layout":"page-builder","ast-site-content-layout":"normal-width-container","site-content-style":"unboxed","site-sidebar-style":"unboxed","ast-global-header-display":"","ast-banner-title-visibility":"","ast-main-header-display":"","ast-hfb-above-header-display":"","ast-hfb-below-header-display":"","ast-hfb-mobile-header-display":"","site-post-title":"","ast-breadcrumbs-content":"","ast-featured-img":"","footer-sml-layout":"","ast-disable-related-posts":"","theme-transparent-header-meta":"","adv-header-id-meta":"","stick-header-meta":"","header-above-stick-meta":"","header-main-stick-meta":"","header-below-stick-meta":"","astra-migrate-meta-layouts":"set","ast-page-background-enabled":"default","ast-page-background-meta":{"desktop":{"background-color":"var(--ast-global-color-4)","background-image":"","background-repeat":"repeat","background-position":"center center","background-size":"auto","background-attachment":"scroll","background-type":"","background-media":"","overlay-type":"","overlay-color":"","overlay-opacity":"","overlay-gradient":""},"tablet":{"background-color":"","background-image":"","background-repeat":"repeat","background-position":"center center","background-size":"auto","background-attachment":"scroll","background-type":"","background-media":"","overlay-type":"","overlay-color":"","overlay-opacity":"","overlay-gradient":""},"mobile":{"background-color":"","background-image":"","background-repeat":"repeat","background-position":"center center","background-size":"auto","background-attachment":"scroll","background-type":"","background-media":"","overlay-type":"","overlay-color":"","overlay-opacity":"","overlay-gradient":""}},"ast-content-background-meta":{"desktop":{"background-color":"var(--ast-global-color-5)","background-image":"","background-repeat":"repeat","background-position":"center center","background-size":"auto","background-attachment":"scroll","background-type":"","background-media":"","overlay-type":"","overlay-color":"","overlay-opacity":"","overlay-gradient":""},"tablet":{"background-color":"var(--ast-global-color-5)","background-image":"","background-repeat":"repeat","background-position":"center center","background-size":"auto","background-attachment":"scroll","background-type":"","background-media":"","overlay-type":"","overlay-color":"","overlay-opacity":"","overlay-gradient":""},"mobile":{"background-color":"var(--ast-global-color-5)","background-image":"","background-repeat":"repeat","background-position":"center center","background-size":"auto","background-attachment":"scroll","background-type":"","background-media":"","overlay-type":"","overlay-color":"","overlay-opacity":"","overlay-gradient":""}},"footnotes":""},"class_list":["post-415","page","type-page","status-publish","has-post-thumbnail","hentry"],"acf":[],"yoast_head":"<!-- This site is optimized with the Yoast SEO plugin v27.2 - https:\/\/yoast.com\/product\/yoast-seo-wordpress\/ -->\n<title>Gewerbeobjekt - ww businessline<\/title>\n<meta name=\"robots\" content=\"index, follow, max-snippet:-1, max-image-preview:large, max-video-preview:-1\" \/>\n<link rel=\"canonical\" href=\"https:\/\/ww-businessline.de\/en\/anlageobjekte\/gewerbeobjekt\/\" \/>\n<meta property=\"og:locale\" content=\"en_US\" \/>\n<meta property=\"og:type\" content=\"article\" \/>\n<meta property=\"og:title\" content=\"Gewerbeobjekt - ww businessline\" \/>\n<meta property=\"og:description\" content=\"Eine sorgf\u00e4ltige Pr\u00fcfung aller Faktoren vermeidet \u00dcberraschungen. Ein Gewerbeobjekt als Kapitalanlage birgt spezifische Risiken. Daher analysieren wir das Objekt vor dem Kauf auf Herz und Nieren. Ohne diese Fragen kein Kauf: Wir pr\u00fcfen Ihr Wunschobjekt [&hellip;]\" \/>\n<meta property=\"og:url\" content=\"https:\/\/ww-businessline.de\/en\/anlageobjekte\/gewerbeobjekt\/\" \/>\n<meta property=\"og:site_name\" content=\"ww businessline\" \/>\n<meta property=\"article:modified_time\" content=\"2026-02-24T19:19:35+00:00\" \/>\n<meta property=\"og:image\" content=\"https:\/\/ww-businessline.de\/wp-content\/uploads\/2023\/02\/vs_gewerbe_dk.jpg\" \/>\n\t<meta property=\"og:image:width\" content=\"1440\" \/>\n\t<meta property=\"og:image:height\" content=\"320\" \/>\n\t<meta property=\"og:image:type\" content=\"image\/jpeg\" \/>\n<meta name=\"twitter:card\" content=\"summary_large_image\" \/>\n<meta name=\"twitter:label1\" content=\"Est. reading time\" \/>\n\t<meta name=\"twitter:data1\" content=\"1 minute\" \/>\n<script type=\"application\/ld+json\" class=\"yoast-schema-graph\">{\"@context\":\"https:\/\/schema.org\",\"@graph\":[{\"@type\":\"WebPage\",\"@id\":\"https:\/\/ww-businessline.de\/anlageobjekte\/gewerbeobjekt\/\",\"url\":\"https:\/\/ww-businessline.de\/anlageobjekte\/gewerbeobjekt\/\",\"name\":\"Gewerbeobjekt - ww businessline\",\"isPartOf\":{\"@id\":\"https:\/\/ww-businessline.de\/#website\"},\"primaryImageOfPage\":{\"@id\":\"https:\/\/ww-businessline.de\/anlageobjekte\/gewerbeobjekt\/#primaryimage\"},\"image\":{\"@id\":\"https:\/\/ww-businessline.de\/anlageobjekte\/gewerbeobjekt\/#primaryimage\"},\"thumbnailUrl\":\"https:\/\/ww-businessline.de\/wp-content\/uploads\/2023\/02\/vs_gewerbe_dk.jpg\",\"datePublished\":\"2023-04-15T10:44:05+00:00\",\"dateModified\":\"2026-02-24T19:19:35+00:00\",\"breadcrumb\":{\"@id\":\"https:\/\/ww-businessline.de\/anlageobjekte\/gewerbeobjekt\/#breadcrumb\"},\"inLanguage\":\"en-US\",\"potentialAction\":[{\"@type\":\"ReadAction\",\"target\":[\"https:\/\/ww-businessline.de\/anlageobjekte\/gewerbeobjekt\/\"]}]},{\"@type\":\"ImageObject\",\"inLanguage\":\"en-US\",\"@id\":\"https:\/\/ww-businessline.de\/anlageobjekte\/gewerbeobjekt\/#primaryimage\",\"url\":\"https:\/\/ww-businessline.de\/wp-content\/uploads\/2023\/02\/vs_gewerbe_dk.jpg\",\"contentUrl\":\"https:\/\/ww-businessline.de\/wp-content\/uploads\/2023\/02\/vs_gewerbe_dk.jpg\",\"width\":1440,\"height\":320},{\"@type\":\"BreadcrumbList\",\"@id\":\"https:\/\/ww-businessline.de\/anlageobjekte\/gewerbeobjekt\/#breadcrumb\",\"itemListElement\":[{\"@type\":\"ListItem\",\"position\":1,\"name\":\"Startseite\",\"item\":\"https:\/\/ww-businessline.de\/\"},{\"@type\":\"ListItem\",\"position\":2,\"name\":\"Entdecken und Entscheiden\",\"item\":\"https:\/\/ww-businessline.de\/anlageobjekte\/\"},{\"@type\":\"ListItem\",\"position\":3,\"name\":\"Gewerbeobjekt\"}]},{\"@type\":\"WebSite\",\"@id\":\"https:\/\/ww-businessline.de\/#website\",\"url\":\"https:\/\/ww-businessline.de\/\",\"name\":\"ww businessline\",\"description\":\"Finanzierung von Wohn- und Gesch\u00e4ftsh\u00e4usern\",\"publisher\":{\"@id\":\"https:\/\/ww-businessline.de\/#organization\"},\"potentialAction\":[{\"@type\":\"SearchAction\",\"target\":{\"@type\":\"EntryPoint\",\"urlTemplate\":\"https:\/\/ww-businessline.de\/?s={search_term_string}\"},\"query-input\":{\"@type\":\"PropertyValueSpecification\",\"valueRequired\":true,\"valueName\":\"search_term_string\"}}],\"inLanguage\":\"en-US\"},{\"@type\":\"Organization\",\"@id\":\"https:\/\/ww-businessline.de\/#organization\",\"name\":\"ww businessline\",\"url\":\"https:\/\/ww-businessline.de\/\",\"logo\":{\"@type\":\"ImageObject\",\"inLanguage\":\"en-US\",\"@id\":\"https:\/\/ww-businessline.de\/#\/schema\/logo\/image\/\",\"url\":\"https:\/\/ww-businessline.de\/wp-content\/uploads\/2023\/02\/logo-ww-businessline-white.svg\",\"contentUrl\":\"https:\/\/ww-businessline.de\/wp-content\/uploads\/2023\/02\/logo-ww-businessline-white.svg\",\"width\":469,\"height\":147,\"caption\":\"ww businessline\"},\"image\":{\"@id\":\"https:\/\/ww-businessline.de\/#\/schema\/logo\/image\/\"}}]}<\/script>\n<!-- \/ Yoast SEO plugin. -->","yoast_head_json":{"title":"Commercial property - ww businessline","robots":{"index":"index","follow":"follow","max-snippet":"max-snippet:-1","max-image-preview":"max-image-preview:large","max-video-preview":"max-video-preview:-1"},"canonical":"https:\/\/ww-businessline.de\/en\/anlageobjekte\/gewerbeobjekt\/","og_locale":"en_US","og_type":"article","og_title":"Gewerbeobjekt - ww businessline","og_description":"Eine sorgf\u00e4ltige Pr\u00fcfung aller Faktoren vermeidet \u00dcberraschungen. Ein Gewerbeobjekt als Kapitalanlage birgt spezifische Risiken. Daher analysieren wir das Objekt vor dem Kauf auf Herz und Nieren. Ohne diese Fragen kein Kauf: Wir pr\u00fcfen Ihr Wunschobjekt [&hellip;]","og_url":"https:\/\/ww-businessline.de\/en\/anlageobjekte\/gewerbeobjekt\/","og_site_name":"ww businessline","article_modified_time":"2026-02-24T19:19:35+00:00","og_image":[{"width":1440,"height":320,"url":"https:\/\/ww-businessline.de\/wp-content\/uploads\/2023\/02\/vs_gewerbe_dk.jpg","type":"image\/jpeg"}],"twitter_card":"summary_large_image","twitter_misc":{"Est. reading time":"1 minute"},"schema":{"@context":"https:\/\/schema.org","@graph":[{"@type":"WebPage","@id":"https:\/\/ww-businessline.de\/anlageobjekte\/gewerbeobjekt\/","url":"https:\/\/ww-businessline.de\/anlageobjekte\/gewerbeobjekt\/","name":"Commercial property - ww businessline","isPartOf":{"@id":"https:\/\/ww-businessline.de\/#website"},"primaryImageOfPage":{"@id":"https:\/\/ww-businessline.de\/anlageobjekte\/gewerbeobjekt\/#primaryimage"},"image":{"@id":"https:\/\/ww-businessline.de\/anlageobjekte\/gewerbeobjekt\/#primaryimage"},"thumbnailUrl":"https:\/\/ww-businessline.de\/wp-content\/uploads\/2023\/02\/vs_gewerbe_dk.jpg","datePublished":"2023-04-15T10:44:05+00:00","dateModified":"2026-02-24T19:19:35+00:00","breadcrumb":{"@id":"https:\/\/ww-businessline.de\/anlageobjekte\/gewerbeobjekt\/#breadcrumb"},"inLanguage":"en-US","potentialAction":[{"@type":"ReadAction","target":["https:\/\/ww-businessline.de\/anlageobjekte\/gewerbeobjekt\/"]}]},{"@type":"ImageObject","inLanguage":"en-US","@id":"https:\/\/ww-businessline.de\/anlageobjekte\/gewerbeobjekt\/#primaryimage","url":"https:\/\/ww-businessline.de\/wp-content\/uploads\/2023\/02\/vs_gewerbe_dk.jpg","contentUrl":"https:\/\/ww-businessline.de\/wp-content\/uploads\/2023\/02\/vs_gewerbe_dk.jpg","width":1440,"height":320},{"@type":"BreadcrumbList","@id":"https:\/\/ww-businessline.de\/anlageobjekte\/gewerbeobjekt\/#breadcrumb","itemListElement":[{"@type":"ListItem","position":1,"name":"Startseite","item":"https:\/\/ww-businessline.de\/"},{"@type":"ListItem","position":2,"name":"Entdecken und Entscheiden","item":"https:\/\/ww-businessline.de\/anlageobjekte\/"},{"@type":"ListItem","position":3,"name":"Gewerbeobjekt"}]},{"@type":"WebSite","@id":"https:\/\/ww-businessline.de\/#website","url":"https:\/\/ww-businessline.de\/","name":"ww businessline","description":"Financing of residential and commercial properties","publisher":{"@id":"https:\/\/ww-businessline.de\/#organization"},"potentialAction":[{"@type":"SearchAction","target":{"@type":"EntryPoint","urlTemplate":"https:\/\/ww-businessline.de\/?s={search_term_string}"},"query-input":{"@type":"PropertyValueSpecification","valueRequired":true,"valueName":"search_term_string"}}],"inLanguage":"en-US"},{"@type":"Organization","@id":"https:\/\/ww-businessline.de\/#organization","name":"ww businessline","url":"https:\/\/ww-businessline.de\/","logo":{"@type":"ImageObject","inLanguage":"en-US","@id":"https:\/\/ww-businessline.de\/#\/schema\/logo\/image\/","url":"https:\/\/ww-businessline.de\/wp-content\/uploads\/2023\/02\/logo-ww-businessline-white.svg","contentUrl":"https:\/\/ww-businessline.de\/wp-content\/uploads\/2023\/02\/logo-ww-businessline-white.svg","width":469,"height":147,"caption":"ww businessline"},"image":{"@id":"https:\/\/ww-businessline.de\/#\/schema\/logo\/image\/"}}]}},"_links":{"self":[{"href":"https:\/\/ww-businessline.de\/en\/wp-json\/wp\/v2\/pages\/415","targetHints":{"allow":["GET"]}}],"collection":[{"href":"https:\/\/ww-businessline.de\/en\/wp-json\/wp\/v2\/pages"}],"about":[{"href":"https:\/\/ww-businessline.de\/en\/wp-json\/wp\/v2\/types\/page"}],"author":[{"embeddable":true,"href":"https:\/\/ww-businessline.de\/en\/wp-json\/wp\/v2\/users\/1"}],"replies":[{"embeddable":true,"href":"https:\/\/ww-businessline.de\/en\/wp-json\/wp\/v2\/comments?post=415"}],"version-history":[{"count":6,"href":"https:\/\/ww-businessline.de\/en\/wp-json\/wp\/v2\/pages\/415\/revisions"}],"predecessor-version":[{"id":1533,"href":"https:\/\/ww-businessline.de\/en\/wp-json\/wp\/v2\/pages\/415\/revisions\/1533"}],"up":[{"embeddable":true,"href":"https:\/\/ww-businessline.de\/en\/wp-json\/wp\/v2\/pages\/412"}],"wp:featuredmedia":[{"embeddable":true,"href":"https:\/\/ww-businessline.de\/en\/wp-json\/wp\/v2\/media\/251"}],"wp:attachment":[{"href":"https:\/\/ww-businessline.de\/en\/wp-json\/wp\/v2\/media?parent=415"}],"curies":[{"name":"wp","href":"https:\/\/api.w.org\/{rel}","templated":true}]}}