{"id":418,"date":"2023-04-15T12:55:14","date_gmt":"2023-04-15T10:55:14","guid":{"rendered":"https:\/\/ww-businessline.test\/?page_id=69"},"modified":"2023-04-19T23:46:56","modified_gmt":"2023-04-19T21:46:56","slug":"einfamilienhaus","status":"publish","type":"page","link":"https:\/\/ww-businessline.de\/en\/eigennutzer\/einfamilienhaus\/","title":{"rendered":"Detached house"},"content":{"rendered":"<p><strong>A detached house is a sensible purchase.<\/strong><\/p>\n\n\n\n<p><strong>But these questions also play a major role when buying:<\/strong><\/p>\n\n\n\n<ul class=\"wp-block-list\">\n<li>Is the infrastructure in the area right?<\/li>\n\n\n\n<li>How has the price level developed in recent years?<\/li>\n\n\n\n<li>What plans does the municipality have for the future, for example major projects such as a new flight path?<\/li>\n\n\n\n<li>And what is the actual condition of the property?<\/li>\n<\/ul>\n\n\n\n<p>A look at the register of building encumbrances can provide a lot of information about rights of way and other restrictions that may be decisive for the value of the house.<\/p>\n\n\n\n<p>We support you in the decision-making process and work out a coherent financing solution for you.<\/p>\n\n\n\n<p>You can determine your conditions yourself here as an initial assessment:<\/p>","protected":false},"excerpt":{"rendered":"<p>Ein Einfamilienhaus ist eine sinnvolle Anschaffung. Aber beim Kauf spielen auch diese Fragen eine gro\u00dfe Rolle: Ein Blick in das Baulastenverzeichnis kann viel Aufschluss \u00fcber Wegerechte&nbsp; und andere Beschr\u00e4nkungen geben, die f\u00fcr den Wert des [&hellip;]<\/p>\n","protected":false},"author":1,"featured_media":730,"parent":416,"menu_order":20,"comment_status":"closed","ping_status":"closed","template":"","meta":{"_acf_changed":false,"site-sidebar-layout":"no-sidebar","site-content-layout":"page-builder","ast-site-content-layout":"default","site-content-style":"default","site-sidebar-style":"default","ast-global-header-display":"","ast-banner-title-visibility":"","ast-main-header-display":"","ast-hfb-above-header-display":"","ast-hfb-below-header-display":"","ast-hfb-mobile-header-display":"","site-post-title":"","ast-breadcrumbs-content":"","ast-featured-img":"","footer-sml-layout":"","ast-disable-related-posts":"","theme-transparent-header-meta":"","adv-header-id-meta":"","stick-header-meta":"","header-above-stick-meta":null,"header-main-stick-meta":"","header-below-stick-meta":null,"astra-migrate-meta-layouts":"default","ast-page-background-enabled":"default","ast-page-background-meta":{"desktop":{"background-color":"var(--ast-global-color-4)","background-image":"","background-repeat":"repeat","background-position":"center center","background-size":"auto","background-attachment":"scroll","background-type":"","background-media":"","overlay-type":"","overlay-color":"","overlay-opacity":"","overlay-gradient":""},"tablet":{"background-color":"","background-image":"","background-repeat":"repeat","background-position":"center center","background-size":"auto","background-attachment":"scroll","background-type":"","background-media":"","overlay-type":"","overlay-color":"","overlay-opacity":"","overlay-gradient":""},"mobile":{"background-color":"","background-image":"","background-repeat":"repeat","background-position":"center center","background-size":"auto","background-attachment":"scroll","background-type":"","background-media":"","overlay-type":"","overlay-color":"","overlay-opacity":"","overlay-gradient":""}},"ast-content-background-meta":{"desktop":{"background-color":"var(--ast-global-color-5)","background-image":"","background-repeat":"repeat","background-position":"center center","background-size":"auto","background-attachment":"scroll","background-type":"","background-media":"","overlay-type":"","overlay-color":"","overlay-opacity":"","overlay-gradient":""},"tablet":{"background-color":"var(--ast-global-color-5)","background-image":"","background-repeat":"repeat","background-position":"center center","background-size":"auto","background-attachment":"scroll","background-type":"","background-media":"","overlay-type":"","overlay-color":"","overlay-opacity":"","overlay-gradient":""},"mobile":{"background-color":"var(--ast-global-color-5)","background-image":"","background-repeat":"repeat","background-position":"center center","background-size":"auto","background-attachment":"scroll","background-type":"","background-media":"","overlay-type":"","overlay-color":"","overlay-opacity":"","overlay-gradient":""}},"footnotes":""},"class_list":["post-418","page","type-page","status-publish","has-post-thumbnail","hentry"],"acf":[],"yoast_head":"<!-- This site is optimized with the Yoast SEO plugin v27.2 - https:\/\/yoast.com\/product\/yoast-seo-wordpress\/ -->\n<title>Einfamilienhaus - ww businessline<\/title>\n<meta name=\"robots\" content=\"index, follow, max-snippet:-1, max-image-preview:large, max-video-preview:-1\" \/>\n<link rel=\"canonical\" href=\"https:\/\/ww-businessline.de\/en\/eigennutzer\/einfamilienhaus\/\" \/>\n<meta property=\"og:locale\" content=\"en_US\" \/>\n<meta property=\"og:type\" content=\"article\" \/>\n<meta property=\"og:title\" content=\"Einfamilienhaus - ww businessline\" \/>\n<meta property=\"og:description\" content=\"Ein Einfamilienhaus ist eine sinnvolle Anschaffung. Aber beim Kauf spielen auch diese Fragen eine gro\u00dfe Rolle: Ein Blick in das Baulastenverzeichnis kann viel Aufschluss \u00fcber Wegerechte&nbsp; und andere Beschr\u00e4nkungen geben, die f\u00fcr den Wert des [&hellip;]\" \/>\n<meta property=\"og:url\" content=\"https:\/\/ww-businessline.de\/en\/eigennutzer\/einfamilienhaus\/\" \/>\n<meta property=\"og:site_name\" content=\"ww businessline\" \/>\n<meta property=\"article:modified_time\" content=\"2023-04-19T21:46:56+00:00\" \/>\n<meta property=\"og:image\" content=\"https:\/\/ww-businessline.de\/wp-content\/uploads\/2023\/04\/vs_eigennutzer_einfamilienhaus_dk.jpg\" \/>\n\t<meta property=\"og:image:width\" content=\"1440\" \/>\n\t<meta property=\"og:image:height\" content=\"320\" \/>\n\t<meta property=\"og:image:type\" content=\"image\/jpeg\" \/>\n<meta name=\"twitter:card\" content=\"summary_large_image\" \/>\n<meta name=\"twitter:label1\" content=\"Est. reading time\" \/>\n\t<meta name=\"twitter:data1\" content=\"1 minute\" \/>\n<script type=\"application\/ld+json\" class=\"yoast-schema-graph\">{\"@context\":\"https:\/\/schema.org\",\"@graph\":[{\"@type\":\"WebPage\",\"@id\":\"https:\/\/ww-businessline.de\/eigennutzer\/einfamilienhaus\/\",\"url\":\"https:\/\/ww-businessline.de\/eigennutzer\/einfamilienhaus\/\",\"name\":\"Einfamilienhaus - ww businessline\",\"isPartOf\":{\"@id\":\"https:\/\/ww-businessline.de\/#website\"},\"primaryImageOfPage\":{\"@id\":\"https:\/\/ww-businessline.de\/eigennutzer\/einfamilienhaus\/#primaryimage\"},\"image\":{\"@id\":\"https:\/\/ww-businessline.de\/eigennutzer\/einfamilienhaus\/#primaryimage\"},\"thumbnailUrl\":\"https:\/\/ww-businessline.de\/wp-content\/uploads\/2023\/04\/vs_eigennutzer_einfamilienhaus_dk.jpg\",\"datePublished\":\"2023-04-15T10:55:14+00:00\",\"dateModified\":\"2023-04-19T21:46:56+00:00\",\"breadcrumb\":{\"@id\":\"https:\/\/ww-businessline.de\/eigennutzer\/einfamilienhaus\/#breadcrumb\"},\"inLanguage\":\"en-US\",\"potentialAction\":[{\"@type\":\"ReadAction\",\"target\":[\"https:\/\/ww-businessline.de\/eigennutzer\/einfamilienhaus\/\"]}]},{\"@type\":\"ImageObject\",\"inLanguage\":\"en-US\",\"@id\":\"https:\/\/ww-businessline.de\/eigennutzer\/einfamilienhaus\/#primaryimage\",\"url\":\"https:\/\/ww-businessline.de\/wp-content\/uploads\/2023\/04\/vs_eigennutzer_einfamilienhaus_dk.jpg\",\"contentUrl\":\"https:\/\/ww-businessline.de\/wp-content\/uploads\/2023\/04\/vs_eigennutzer_einfamilienhaus_dk.jpg\",\"width\":1440,\"height\":320},{\"@type\":\"BreadcrumbList\",\"@id\":\"https:\/\/ww-businessline.de\/eigennutzer\/einfamilienhaus\/#breadcrumb\",\"itemListElement\":[{\"@type\":\"ListItem\",\"position\":1,\"name\":\"Startseite\",\"item\":\"https:\/\/ww-businessline.de\/\"},{\"@type\":\"ListItem\",\"position\":2,\"name\":\"Einfamilienhaus\"}]},{\"@type\":\"WebSite\",\"@id\":\"https:\/\/ww-businessline.de\/#website\",\"url\":\"https:\/\/ww-businessline.de\/\",\"name\":\"ww businessline\",\"description\":\"Finanzierung von Wohn- und Gesch\u00e4ftsh\u00e4usern\",\"publisher\":{\"@id\":\"https:\/\/ww-businessline.de\/#organization\"},\"potentialAction\":[{\"@type\":\"SearchAction\",\"target\":{\"@type\":\"EntryPoint\",\"urlTemplate\":\"https:\/\/ww-businessline.de\/?s={search_term_string}\"},\"query-input\":{\"@type\":\"PropertyValueSpecification\",\"valueRequired\":true,\"valueName\":\"search_term_string\"}}],\"inLanguage\":\"en-US\"},{\"@type\":\"Organization\",\"@id\":\"https:\/\/ww-businessline.de\/#organization\",\"name\":\"ww businessline\",\"url\":\"https:\/\/ww-businessline.de\/\",\"logo\":{\"@type\":\"ImageObject\",\"inLanguage\":\"en-US\",\"@id\":\"https:\/\/ww-businessline.de\/#\/schema\/logo\/image\/\",\"url\":\"https:\/\/ww-businessline.de\/wp-content\/uploads\/2023\/02\/logo-ww-businessline-white.svg\",\"contentUrl\":\"https:\/\/ww-businessline.de\/wp-content\/uploads\/2023\/02\/logo-ww-businessline-white.svg\",\"width\":469,\"height\":147,\"caption\":\"ww businessline\"},\"image\":{\"@id\":\"https:\/\/ww-businessline.de\/#\/schema\/logo\/image\/\"}}]}<\/script>\n<!-- \/ Yoast SEO plugin. -->","yoast_head_json":{"title":"Single-family house - ww businessline","robots":{"index":"index","follow":"follow","max-snippet":"max-snippet:-1","max-image-preview":"max-image-preview:large","max-video-preview":"max-video-preview:-1"},"canonical":"https:\/\/ww-businessline.de\/en\/eigennutzer\/einfamilienhaus\/","og_locale":"en_US","og_type":"article","og_title":"Einfamilienhaus - ww businessline","og_description":"Ein Einfamilienhaus ist eine sinnvolle Anschaffung. Aber beim Kauf spielen auch diese Fragen eine gro\u00dfe Rolle: Ein Blick in das Baulastenverzeichnis kann viel Aufschluss \u00fcber Wegerechte&nbsp; und andere Beschr\u00e4nkungen geben, die f\u00fcr den Wert des [&hellip;]","og_url":"https:\/\/ww-businessline.de\/en\/eigennutzer\/einfamilienhaus\/","og_site_name":"ww businessline","article_modified_time":"2023-04-19T21:46:56+00:00","og_image":[{"width":1440,"height":320,"url":"https:\/\/ww-businessline.de\/wp-content\/uploads\/2023\/04\/vs_eigennutzer_einfamilienhaus_dk.jpg","type":"image\/jpeg"}],"twitter_card":"summary_large_image","twitter_misc":{"Est. reading time":"1 minute"},"schema":{"@context":"https:\/\/schema.org","@graph":[{"@type":"WebPage","@id":"https:\/\/ww-businessline.de\/eigennutzer\/einfamilienhaus\/","url":"https:\/\/ww-businessline.de\/eigennutzer\/einfamilienhaus\/","name":"Single-family house - ww businessline","isPartOf":{"@id":"https:\/\/ww-businessline.de\/#website"},"primaryImageOfPage":{"@id":"https:\/\/ww-businessline.de\/eigennutzer\/einfamilienhaus\/#primaryimage"},"image":{"@id":"https:\/\/ww-businessline.de\/eigennutzer\/einfamilienhaus\/#primaryimage"},"thumbnailUrl":"https:\/\/ww-businessline.de\/wp-content\/uploads\/2023\/04\/vs_eigennutzer_einfamilienhaus_dk.jpg","datePublished":"2023-04-15T10:55:14+00:00","dateModified":"2023-04-19T21:46:56+00:00","breadcrumb":{"@id":"https:\/\/ww-businessline.de\/eigennutzer\/einfamilienhaus\/#breadcrumb"},"inLanguage":"en-US","potentialAction":[{"@type":"ReadAction","target":["https:\/\/ww-businessline.de\/eigennutzer\/einfamilienhaus\/"]}]},{"@type":"ImageObject","inLanguage":"en-US","@id":"https:\/\/ww-businessline.de\/eigennutzer\/einfamilienhaus\/#primaryimage","url":"https:\/\/ww-businessline.de\/wp-content\/uploads\/2023\/04\/vs_eigennutzer_einfamilienhaus_dk.jpg","contentUrl":"https:\/\/ww-businessline.de\/wp-content\/uploads\/2023\/04\/vs_eigennutzer_einfamilienhaus_dk.jpg","width":1440,"height":320},{"@type":"BreadcrumbList","@id":"https:\/\/ww-businessline.de\/eigennutzer\/einfamilienhaus\/#breadcrumb","itemListElement":[{"@type":"ListItem","position":1,"name":"Startseite","item":"https:\/\/ww-businessline.de\/"},{"@type":"ListItem","position":2,"name":"Einfamilienhaus"}]},{"@type":"WebSite","@id":"https:\/\/ww-businessline.de\/#website","url":"https:\/\/ww-businessline.de\/","name":"ww businessline","description":"Financing of residential and commercial properties","publisher":{"@id":"https:\/\/ww-businessline.de\/#organization"},"potentialAction":[{"@type":"SearchAction","target":{"@type":"EntryPoint","urlTemplate":"https:\/\/ww-businessline.de\/?s={search_term_string}"},"query-input":{"@type":"PropertyValueSpecification","valueRequired":true,"valueName":"search_term_string"}}],"inLanguage":"en-US"},{"@type":"Organization","@id":"https:\/\/ww-businessline.de\/#organization","name":"ww businessline","url":"https:\/\/ww-businessline.de\/","logo":{"@type":"ImageObject","inLanguage":"en-US","@id":"https:\/\/ww-businessline.de\/#\/schema\/logo\/image\/","url":"https:\/\/ww-businessline.de\/wp-content\/uploads\/2023\/02\/logo-ww-businessline-white.svg","contentUrl":"https:\/\/ww-businessline.de\/wp-content\/uploads\/2023\/02\/logo-ww-businessline-white.svg","width":469,"height":147,"caption":"ww businessline"},"image":{"@id":"https:\/\/ww-businessline.de\/#\/schema\/logo\/image\/"}}]}},"_links":{"self":[{"href":"https:\/\/ww-businessline.de\/en\/wp-json\/wp\/v2\/pages\/418","targetHints":{"allow":["GET"]}}],"collection":[{"href":"https:\/\/ww-businessline.de\/en\/wp-json\/wp\/v2\/pages"}],"about":[{"href":"https:\/\/ww-businessline.de\/en\/wp-json\/wp\/v2\/types\/page"}],"author":[{"embeddable":true,"href":"https:\/\/ww-businessline.de\/en\/wp-json\/wp\/v2\/users\/1"}],"replies":[{"embeddable":true,"href":"https:\/\/ww-businessline.de\/en\/wp-json\/wp\/v2\/comments?post=418"}],"version-history":[{"count":4,"href":"https:\/\/ww-businessline.de\/en\/wp-json\/wp\/v2\/pages\/418\/revisions"}],"predecessor-version":[{"id":731,"href":"https:\/\/ww-businessline.de\/en\/wp-json\/wp\/v2\/pages\/418\/revisions\/731"}],"up":[{"embeddable":true,"href":"https:\/\/ww-businessline.de\/en\/wp-json\/wp\/v2\/pages\/416"}],"wp:featuredmedia":[{"embeddable":true,"href":"https:\/\/ww-businessline.de\/en\/wp-json\/wp\/v2\/media\/730"}],"wp:attachment":[{"href":"https:\/\/ww-businessline.de\/en\/wp-json\/wp\/v2\/media?parent=418"}],"curies":[{"name":"wp","href":"https:\/\/api.w.org\/{rel}","templated":true}]}}