{"id":419,"date":"2023-04-15T12:55:39","date_gmt":"2023-04-15T10:55:39","guid":{"rendered":"https:\/\/ww-businessline.test\/?page_id=71"},"modified":"2023-04-20T00:48:20","modified_gmt":"2023-04-19T22:48:20","slug":"modernisierung","status":"publish","type":"page","link":"https:\/\/ww-businessline.de\/en\/modernisierung\/","title":{"rendered":"Modernization"},"content":{"rendered":"<p><strong>The Kreditbank f\u00fcr Wiederaufbau (KfW) offers a wide range of promotional loans.<\/strong><\/p>\n\n\n\n<p>They can be used for the following modernizations:<\/p>\n\n\n\n<p><strong>Age-appropriate conversion<\/strong><br>The 159 program helps to convert a property to make it age-appropriate.<\/p>\n\n\n\n<p><strong>Energy-efficient refurbishment of a building<\/strong><br>Program 151 promotes the conversion to an efficiency house.<\/p>\n\n\n\n<p><strong>Energy-efficient refurbishment (individual measures)<\/strong><br>Insulation, windows, heating - program 152 offers funding.<\/p>\n\n\n\n<p><strong>Renewable energies<\/strong><br>Solar system on your own roof, heat pump or wood heating in the house.<\/p>\n\n\n\n<p>Of course, you can also combine these programs to tailor your financing to your individual needs and optimize it accordingly. We will be happy to advise you.<\/p>","protected":false},"excerpt":{"rendered":"<p>Die Kreditbank f\u00fcr Wiederaufbau (KfW) bietet ein vielseitiges Angebot an F\u00f6rderkrediten. Sie lassen sich f\u00fcr folgende Modernisierungen nutzen: Altersgerechtes UmbauenDas Programm 159 hilft dabei, eine Immobilie altersgerecht umzubauen. Energetisches Sanieren eines Geb\u00e4udesDas Programm 151 f\u00f6rdert [&hellip;]<\/p>\n","protected":false},"author":1,"featured_media":0,"parent":0,"menu_order":0,"comment_status":"closed","ping_status":"closed","template":"","meta":{"_acf_changed":false,"site-sidebar-layout":"no-sidebar","site-content-layout":"page-builder","ast-site-content-layout":"default","site-content-style":"default","site-sidebar-style":"default","ast-global-header-display":"","ast-banner-title-visibility":"","ast-main-header-display":"","ast-hfb-above-header-display":"","ast-hfb-below-header-display":"","ast-hfb-mobile-header-display":"","site-post-title":"","ast-breadcrumbs-content":"","ast-featured-img":"","footer-sml-layout":"","ast-disable-related-posts":"","theme-transparent-header-meta":"","adv-header-id-meta":"","stick-header-meta":"","header-above-stick-meta":null,"header-main-stick-meta":"","header-below-stick-meta":null,"astra-migrate-meta-layouts":"default","ast-page-background-enabled":"default","ast-page-background-meta":{"desktop":{"background-color":"var(--ast-global-color-4)","background-image":"","background-repeat":"repeat","background-position":"center center","background-size":"auto","background-attachment":"scroll","background-type":"","background-media":"","overlay-type":"","overlay-color":"","overlay-opacity":"","overlay-gradient":""},"tablet":{"background-color":"","background-image":"","background-repeat":"repeat","background-position":"center center","background-size":"auto","background-attachment":"scroll","background-type":"","background-media":"","overlay-type":"","overlay-color":"","overlay-opacity":"","overlay-gradient":""},"mobile":{"background-color":"","background-image":"","background-repeat":"repeat","background-position":"center center","background-size":"auto","background-attachment":"scroll","background-type":"","background-media":"","overlay-type":"","overlay-color":"","overlay-opacity":"","overlay-gradient":""}},"ast-content-background-meta":{"desktop":{"background-color":"var(--ast-global-color-5)","background-image":"","background-repeat":"repeat","background-position":"center center","background-size":"auto","background-attachment":"scroll","background-type":"","background-media":"","overlay-type":"","overlay-color":"","overlay-opacity":"","overlay-gradient":""},"tablet":{"background-color":"var(--ast-global-color-5)","background-image":"","background-repeat":"repeat","background-position":"center center","background-size":"auto","background-attachment":"scroll","background-type":"","background-media":"","overlay-type":"","overlay-color":"","overlay-opacity":"","overlay-gradient":""},"mobile":{"background-color":"var(--ast-global-color-5)","background-image":"","background-repeat":"repeat","background-position":"center center","background-size":"auto","background-attachment":"scroll","background-type":"","background-media":"","overlay-type":"","overlay-color":"","overlay-opacity":"","overlay-gradient":""}},"footnotes":""},"class_list":["post-419","page","type-page","status-publish","hentry"],"acf":[],"yoast_head":"<!-- This site is optimized with the Yoast SEO plugin v27.4 - https:\/\/yoast.com\/product\/yoast-seo-wordpress\/ -->\n<title>Modernisierung - ww businessline<\/title>\n<meta name=\"robots\" content=\"index, follow, max-snippet:-1, max-image-preview:large, max-video-preview:-1\" \/>\n<link rel=\"canonical\" href=\"https:\/\/ww-businessline.de\/en\/modernisierung\/\" \/>\n<meta property=\"og:locale\" content=\"en_US\" \/>\n<meta property=\"og:type\" content=\"article\" \/>\n<meta property=\"og:title\" content=\"Modernisierung - ww businessline\" \/>\n<meta property=\"og:description\" content=\"Die Kreditbank f\u00fcr Wiederaufbau (KfW) bietet ein vielseitiges Angebot an F\u00f6rderkrediten. Sie lassen sich f\u00fcr folgende Modernisierungen nutzen: Altersgerechtes UmbauenDas Programm 159 hilft dabei, eine Immobilie altersgerecht umzubauen. Energetisches Sanieren eines Geb\u00e4udesDas Programm 151 f\u00f6rdert [&hellip;]\" \/>\n<meta property=\"og:url\" content=\"https:\/\/ww-businessline.de\/en\/modernisierung\/\" \/>\n<meta property=\"og:site_name\" content=\"ww businessline\" \/>\n<meta property=\"article:modified_time\" content=\"2023-04-19T22:48:20+00:00\" \/>\n<meta name=\"twitter:card\" content=\"summary_large_image\" \/>\n<script type=\"application\/ld+json\" class=\"yoast-schema-graph\">{\"@context\":\"https:\\\/\\\/schema.org\",\"@graph\":[{\"@type\":\"WebPage\",\"@id\":\"https:\\\/\\\/ww-businessline.de\\\/modernisierung\\\/\",\"url\":\"https:\\\/\\\/ww-businessline.de\\\/modernisierung\\\/\",\"name\":\"Modernisierung - ww businessline\",\"isPartOf\":{\"@id\":\"https:\\\/\\\/ww-businessline.de\\\/#website\"},\"datePublished\":\"2023-04-15T10:55:39+00:00\",\"dateModified\":\"2023-04-19T22:48:20+00:00\",\"breadcrumb\":{\"@id\":\"https:\\\/\\\/ww-businessline.de\\\/modernisierung\\\/#breadcrumb\"},\"inLanguage\":\"en-US\",\"potentialAction\":[{\"@type\":\"ReadAction\",\"target\":[\"https:\\\/\\\/ww-businessline.de\\\/modernisierung\\\/\"]}]},{\"@type\":\"BreadcrumbList\",\"@id\":\"https:\\\/\\\/ww-businessline.de\\\/modernisierung\\\/#breadcrumb\",\"itemListElement\":[{\"@type\":\"ListItem\",\"position\":1,\"name\":\"Startseite\",\"item\":\"https:\\\/\\\/ww-businessline.de\\\/\"},{\"@type\":\"ListItem\",\"position\":2,\"name\":\"Modernisierung\"}]},{\"@type\":\"WebSite\",\"@id\":\"https:\\\/\\\/ww-businessline.de\\\/#website\",\"url\":\"https:\\\/\\\/ww-businessline.de\\\/\",\"name\":\"ww businessline\",\"description\":\"Finanzierung von Wohn- und Gesch\u00e4ftsh\u00e4usern\",\"publisher\":{\"@id\":\"https:\\\/\\\/ww-businessline.de\\\/#organization\"},\"potentialAction\":[{\"@type\":\"SearchAction\",\"target\":{\"@type\":\"EntryPoint\",\"urlTemplate\":\"https:\\\/\\\/ww-businessline.de\\\/?s={search_term_string}\"},\"query-input\":{\"@type\":\"PropertyValueSpecification\",\"valueRequired\":true,\"valueName\":\"search_term_string\"}}],\"inLanguage\":\"en-US\"},{\"@type\":\"Organization\",\"@id\":\"https:\\\/\\\/ww-businessline.de\\\/#organization\",\"name\":\"ww businessline\",\"url\":\"https:\\\/\\\/ww-businessline.de\\\/\",\"logo\":{\"@type\":\"ImageObject\",\"inLanguage\":\"en-US\",\"@id\":\"https:\\\/\\\/ww-businessline.de\\\/#\\\/schema\\\/logo\\\/image\\\/\",\"url\":\"https:\\\/\\\/ww-businessline.de\\\/wp-content\\\/uploads\\\/2023\\\/02\\\/logo-ww-businessline-white.svg\",\"contentUrl\":\"https:\\\/\\\/ww-businessline.de\\\/wp-content\\\/uploads\\\/2023\\\/02\\\/logo-ww-businessline-white.svg\",\"width\":469,\"height\":147,\"caption\":\"ww businessline\"},\"image\":{\"@id\":\"https:\\\/\\\/ww-businessline.de\\\/#\\\/schema\\\/logo\\\/image\\\/\"}}]}<\/script>\n<!-- \/ Yoast SEO plugin. -->","yoast_head_json":{"title":"Modernization - ww businessline","robots":{"index":"index","follow":"follow","max-snippet":"max-snippet:-1","max-image-preview":"max-image-preview:large","max-video-preview":"max-video-preview:-1"},"canonical":"https:\/\/ww-businessline.de\/en\/modernisierung\/","og_locale":"en_US","og_type":"article","og_title":"Modernisierung - ww businessline","og_description":"Die Kreditbank f\u00fcr Wiederaufbau (KfW) bietet ein vielseitiges Angebot an F\u00f6rderkrediten. Sie lassen sich f\u00fcr folgende Modernisierungen nutzen: Altersgerechtes UmbauenDas Programm 159 hilft dabei, eine Immobilie altersgerecht umzubauen. Energetisches Sanieren eines Geb\u00e4udesDas Programm 151 f\u00f6rdert [&hellip;]","og_url":"https:\/\/ww-businessline.de\/en\/modernisierung\/","og_site_name":"ww businessline","article_modified_time":"2023-04-19T22:48:20+00:00","twitter_card":"summary_large_image","schema":{"@context":"https:\/\/schema.org","@graph":[{"@type":"WebPage","@id":"https:\/\/ww-businessline.de\/modernisierung\/","url":"https:\/\/ww-businessline.de\/modernisierung\/","name":"Modernization - ww businessline","isPartOf":{"@id":"https:\/\/ww-businessline.de\/#website"},"datePublished":"2023-04-15T10:55:39+00:00","dateModified":"2023-04-19T22:48:20+00:00","breadcrumb":{"@id":"https:\/\/ww-businessline.de\/modernisierung\/#breadcrumb"},"inLanguage":"en-US","potentialAction":[{"@type":"ReadAction","target":["https:\/\/ww-businessline.de\/modernisierung\/"]}]},{"@type":"BreadcrumbList","@id":"https:\/\/ww-businessline.de\/modernisierung\/#breadcrumb","itemListElement":[{"@type":"ListItem","position":1,"name":"Startseite","item":"https:\/\/ww-businessline.de\/"},{"@type":"ListItem","position":2,"name":"Modernisierung"}]},{"@type":"WebSite","@id":"https:\/\/ww-businessline.de\/#website","url":"https:\/\/ww-businessline.de\/","name":"ww businessline","description":"Financing of residential and commercial properties","publisher":{"@id":"https:\/\/ww-businessline.de\/#organization"},"potentialAction":[{"@type":"SearchAction","target":{"@type":"EntryPoint","urlTemplate":"https:\/\/ww-businessline.de\/?s={search_term_string}"},"query-input":{"@type":"PropertyValueSpecification","valueRequired":true,"valueName":"search_term_string"}}],"inLanguage":"en-US"},{"@type":"Organization","@id":"https:\/\/ww-businessline.de\/#organization","name":"ww businessline","url":"https:\/\/ww-businessline.de\/","logo":{"@type":"ImageObject","inLanguage":"en-US","@id":"https:\/\/ww-businessline.de\/#\/schema\/logo\/image\/","url":"https:\/\/ww-businessline.de\/wp-content\/uploads\/2023\/02\/logo-ww-businessline-white.svg","contentUrl":"https:\/\/ww-businessline.de\/wp-content\/uploads\/2023\/02\/logo-ww-businessline-white.svg","width":469,"height":147,"caption":"ww businessline"},"image":{"@id":"https:\/\/ww-businessline.de\/#\/schema\/logo\/image\/"}}]}},"_links":{"self":[{"href":"https:\/\/ww-businessline.de\/en\/wp-json\/wp\/v2\/pages\/419","targetHints":{"allow":["GET"]}}],"collection":[{"href":"https:\/\/ww-businessline.de\/en\/wp-json\/wp\/v2\/pages"}],"about":[{"href":"https:\/\/ww-businessline.de\/en\/wp-json\/wp\/v2\/types\/page"}],"author":[{"embeddable":true,"href":"https:\/\/ww-businessline.de\/en\/wp-json\/wp\/v2\/users\/1"}],"replies":[{"embeddable":true,"href":"https:\/\/ww-businessline.de\/en\/wp-json\/wp\/v2\/comments?post=419"}],"version-history":[{"count":4,"href":"https:\/\/ww-businessline.de\/en\/wp-json\/wp\/v2\/pages\/419\/revisions"}],"predecessor-version":[{"id":817,"href":"https:\/\/ww-businessline.de\/en\/wp-json\/wp\/v2\/pages\/419\/revisions\/817"}],"wp:attachment":[{"href":"https:\/\/ww-businessline.de\/en\/wp-json\/wp\/v2\/media?parent=419"}],"curies":[{"name":"wp","href":"https:\/\/api.w.org\/{rel}","templated":true}]}}