{"id":429,"date":"2023-04-15T13:02:49","date_gmt":"2023-04-15T11:02:49","guid":{"rendered":"https:\/\/ww-businessline.test\/?page_id=91"},"modified":"2024-09-03T16:23:04","modified_gmt":"2024-09-03T14:23:04","slug":"ueber-uns","status":"publish","type":"page","link":"https:\/\/ww-businessline.de\/en\/ueber-uns\/","title":{"rendered":"About us"},"content":{"rendered":"<p><\/p>\n<p><strong>We have been working alongside our clients as a financial services provider since 1985. Experience, professionalism and a deep understanding of your interests and needs set us apart.<\/strong><\/p>\n<p> <\/p>\n<p>Our focus is on all facets of residential financing. Based in Berlin, we serve clients from all regions of Germany.<\/p>\n<p> <\/p>\n<p>What drives us? We make your interests our interests. We always act out of your very own concerns and from your perspective. Precisely because the purchase of a property involves a long-term commitment. Making your plans a success is a matter close to our hearts.<\/p>\n<p> <\/p>\nWith our 25 years of experience and our valuable contacts, we can arrange your concerns in our company in such a way that we can achieve and implement the best possible financing model for you. At the same time, we combine the financing with an overall concept via<br \/>\nSelection, valuation, calculation and decision to purchase your new property. We accompany you with a responsible partnership throughout the entire process.\n<p> <\/p>\nYour trust is our incentive.<br \/>\n<strong>Willi von Schledorn and team<\/strong>\n<p><\/p>\n\t\t\t\t<img loading=\"lazy\" decoding=\"async\" src=\"https:\/\/ww-businessline.de\/wp-content\/uploads\/2023\/05\/willi_von_schledorn_portrait_hochformat.jpg\" alt=\"willi_von_schledorn_portrait_hochformat\" itemprop=\"image\" height=\"1024\" width=\"768\" title=\"willi_von_schledorn_portrait_portrait_portrait_portrait\" onerror=\"this.style.display='none'\"  \/>\n<h3>\n\t\t6 steps to a loan agreement\n\t<\/h3>\n\t\t\t\t\t<a href=\"\"><img decoding=\"async\" src=\"https:\/\/i.vimeocdn.com\/portrait\/5055856_300x300?sig=0aed6b7326a05f8e9acac241fdcd2a2d6cbeeeae4bb15e4ffb15640226f16177&#038;v=1\"\/><\/a>\n\t\t\t\t\t\t\t<a href=\"\">6 steps to the w\u00fcstenrot businessline loan agreement<\/a>\n\t\t\t\t\t\t\tfrom  <a href=\"\">Willi von Schledorn<\/a>\n\t\t\t\t\t<img decoding=\"async\" src=\"https:\/\/i.vimeocdn.com\/video\/480725306-ea72a34d8e60f0aefa4d27785600481d6a4e7aec10bed7f35cd7f91244db74b5-d_840\" alt=\"vimeo-video-thumbnail\"\/>","protected":false},"excerpt":{"rendered":"<p>Wir arbeiten seit 1985 als Finanzdienstleister an der Seite unserer Kunden. Erfahrung und Professionalit\u00e4t und ein tiefes Verst\u00e4ndnis f\u00fcr Ihr Interesse und Ihre Bed\u00fcrfnisse zeichnen uns aus. Unser Fokus richtet sich auf alle Facetten der [&hellip;]<\/p>\n","protected":false},"author":1,"featured_media":0,"parent":0,"menu_order":0,"comment_status":"closed","ping_status":"closed","template":"","meta":{"_acf_changed":false,"site-sidebar-layout":"default","site-content-layout":"page-builder","ast-site-content-layout":"full-width-container","site-content-style":"unboxed","site-sidebar-style":"unboxed","ast-global-header-display":"","ast-banner-title-visibility":"","ast-main-header-display":"","ast-hfb-above-header-display":"","ast-hfb-below-header-display":"","ast-hfb-mobile-header-display":"","site-post-title":"disabled","ast-breadcrumbs-content":"","ast-featured-img":"","footer-sml-layout":"","ast-disable-related-posts":"","theme-transparent-header-meta":"","adv-header-id-meta":"","stick-header-meta":"","header-above-stick-meta":"","header-main-stick-meta":"","header-below-stick-meta":"","astra-migrate-meta-layouts":"set","ast-page-background-enabled":"default","ast-page-background-meta":{"desktop":{"background-color":"var(--ast-global-color-4)","background-image":"","background-repeat":"repeat","background-position":"center center","background-size":"auto","background-attachment":"scroll","background-type":"","background-media":"","overlay-type":"","overlay-color":"","overlay-opacity":"","overlay-gradient":""},"tablet":{"background-color":"","background-image":"","background-repeat":"repeat","background-position":"center center","background-size":"auto","background-attachment":"scroll","background-type":"","background-media":"","overlay-type":"","overlay-color":"","overlay-opacity":"","overlay-gradient":""},"mobile":{"background-color":"","background-image":"","background-repeat":"repeat","background-position":"center center","background-size":"auto","background-attachment":"scroll","background-type":"","background-media":"","overlay-type":"","overlay-color":"","overlay-opacity":"","overlay-gradient":""}},"ast-content-background-meta":{"desktop":{"background-color":"var(--ast-global-color-5)","background-image":"","background-repeat":"repeat","background-position":"center center","background-size":"auto","background-attachment":"scroll","background-type":"","background-media":"","overlay-type":"","overlay-color":"","overlay-opacity":"","overlay-gradient":""},"tablet":{"background-color":"var(--ast-global-color-5)","background-image":"","background-repeat":"repeat","background-position":"center center","background-size":"auto","background-attachment":"scroll","background-type":"","background-media":"","overlay-type":"","overlay-color":"","overlay-opacity":"","overlay-gradient":""},"mobile":{"background-color":"var(--ast-global-color-5)","background-image":"","background-repeat":"repeat","background-position":"center center","background-size":"auto","background-attachment":"scroll","background-type":"","background-media":"","overlay-type":"","overlay-color":"","overlay-opacity":"","overlay-gradient":""}},"footnotes":""},"class_list":["post-429","page","type-page","status-publish","hentry"],"acf":[],"yoast_head":"<!-- This site is optimized with the Yoast SEO plugin v27.4 - https:\/\/yoast.com\/product\/yoast-seo-wordpress\/ -->\n<title>\u00dcber uns - ww businessline<\/title>\n<meta name=\"robots\" content=\"index, follow, max-snippet:-1, max-image-preview:large, max-video-preview:-1\" \/>\n<link rel=\"canonical\" href=\"https:\/\/ww-businessline.de\/en\/ueber-uns\/\" \/>\n<meta property=\"og:locale\" content=\"en_US\" \/>\n<meta property=\"og:type\" content=\"article\" \/>\n<meta property=\"og:title\" content=\"\u00dcber uns - ww businessline\" \/>\n<meta property=\"og:description\" content=\"Wir arbeiten seit 1985 als Finanzdienstleister an der Seite unserer Kunden. Erfahrung und Professionalit\u00e4t und ein tiefes Verst\u00e4ndnis f\u00fcr Ihr Interesse und Ihre Bed\u00fcrfnisse zeichnen uns aus. Unser Fokus richtet sich auf alle Facetten der [&hellip;]\" \/>\n<meta property=\"og:url\" content=\"https:\/\/ww-businessline.de\/en\/ueber-uns\/\" \/>\n<meta property=\"og:site_name\" content=\"ww businessline\" \/>\n<meta property=\"article:modified_time\" content=\"2024-09-03T14:23:04+00:00\" \/>\n<meta property=\"og:image\" content=\"https:\/\/ww-businessline.de\/wp-content\/uploads\/2023\/05\/willi_von_schledorn_portrait_hochformat.jpg\" \/>\n<meta name=\"twitter:card\" content=\"summary_large_image\" \/>\n<meta name=\"twitter:label1\" content=\"Est. reading time\" \/>\n\t<meta name=\"twitter:data1\" content=\"2 minutes\" \/>\n<script type=\"application\/ld+json\" class=\"yoast-schema-graph\">{\"@context\":\"https:\\\/\\\/schema.org\",\"@graph\":[{\"@type\":\"WebPage\",\"@id\":\"https:\\\/\\\/ww-businessline.de\\\/ueber-uns\\\/\",\"url\":\"https:\\\/\\\/ww-businessline.de\\\/ueber-uns\\\/\",\"name\":\"\u00dcber uns - ww businessline\",\"isPartOf\":{\"@id\":\"https:\\\/\\\/ww-businessline.de\\\/#website\"},\"primaryImageOfPage\":{\"@id\":\"https:\\\/\\\/ww-businessline.de\\\/ueber-uns\\\/#primaryimage\"},\"image\":{\"@id\":\"https:\\\/\\\/ww-businessline.de\\\/ueber-uns\\\/#primaryimage\"},\"thumbnailUrl\":\"https:\\\/\\\/ww-businessline.de\\\/wp-content\\\/uploads\\\/2023\\\/05\\\/willi_von_schledorn_portrait_hochformat.jpg\",\"datePublished\":\"2023-04-15T11:02:49+00:00\",\"dateModified\":\"2024-09-03T14:23:04+00:00\",\"breadcrumb\":{\"@id\":\"https:\\\/\\\/ww-businessline.de\\\/ueber-uns\\\/#breadcrumb\"},\"inLanguage\":\"en-US\",\"potentialAction\":[{\"@type\":\"ReadAction\",\"target\":[\"https:\\\/\\\/ww-businessline.de\\\/ueber-uns\\\/\"]}]},{\"@type\":\"ImageObject\",\"inLanguage\":\"en-US\",\"@id\":\"https:\\\/\\\/ww-businessline.de\\\/ueber-uns\\\/#primaryimage\",\"url\":\"https:\\\/\\\/ww-businessline.de\\\/wp-content\\\/uploads\\\/2023\\\/05\\\/willi_von_schledorn_portrait_hochformat.jpg\",\"contentUrl\":\"https:\\\/\\\/ww-businessline.de\\\/wp-content\\\/uploads\\\/2023\\\/05\\\/willi_von_schledorn_portrait_hochformat.jpg\"},{\"@type\":\"BreadcrumbList\",\"@id\":\"https:\\\/\\\/ww-businessline.de\\\/ueber-uns\\\/#breadcrumb\",\"itemListElement\":[{\"@type\":\"ListItem\",\"position\":1,\"name\":\"Startseite\",\"item\":\"https:\\\/\\\/ww-businessline.de\\\/\"},{\"@type\":\"ListItem\",\"position\":2,\"name\":\"\u00dcber uns\"}]},{\"@type\":\"WebSite\",\"@id\":\"https:\\\/\\\/ww-businessline.de\\\/#website\",\"url\":\"https:\\\/\\\/ww-businessline.de\\\/\",\"name\":\"ww businessline\",\"description\":\"Finanzierung von Wohn- und Gesch\u00e4ftsh\u00e4usern\",\"publisher\":{\"@id\":\"https:\\\/\\\/ww-businessline.de\\\/#organization\"},\"potentialAction\":[{\"@type\":\"SearchAction\",\"target\":{\"@type\":\"EntryPoint\",\"urlTemplate\":\"https:\\\/\\\/ww-businessline.de\\\/?s={search_term_string}\"},\"query-input\":{\"@type\":\"PropertyValueSpecification\",\"valueRequired\":true,\"valueName\":\"search_term_string\"}}],\"inLanguage\":\"en-US\"},{\"@type\":\"Organization\",\"@id\":\"https:\\\/\\\/ww-businessline.de\\\/#organization\",\"name\":\"ww businessline\",\"url\":\"https:\\\/\\\/ww-businessline.de\\\/\",\"logo\":{\"@type\":\"ImageObject\",\"inLanguage\":\"en-US\",\"@id\":\"https:\\\/\\\/ww-businessline.de\\\/#\\\/schema\\\/logo\\\/image\\\/\",\"url\":\"https:\\\/\\\/ww-businessline.de\\\/wp-content\\\/uploads\\\/2023\\\/02\\\/logo-ww-businessline-white.svg\",\"contentUrl\":\"https:\\\/\\\/ww-businessline.de\\\/wp-content\\\/uploads\\\/2023\\\/02\\\/logo-ww-businessline-white.svg\",\"width\":469,\"height\":147,\"caption\":\"ww businessline\"},\"image\":{\"@id\":\"https:\\\/\\\/ww-businessline.de\\\/#\\\/schema\\\/logo\\\/image\\\/\"}}]}<\/script>\n<!-- \/ Yoast SEO plugin. -->","yoast_head_json":{"title":"About us - ww businessline","robots":{"index":"index","follow":"follow","max-snippet":"max-snippet:-1","max-image-preview":"max-image-preview:large","max-video-preview":"max-video-preview:-1"},"canonical":"https:\/\/ww-businessline.de\/en\/ueber-uns\/","og_locale":"en_US","og_type":"article","og_title":"\u00dcber uns - ww businessline","og_description":"Wir arbeiten seit 1985 als Finanzdienstleister an der Seite unserer Kunden. Erfahrung und Professionalit\u00e4t und ein tiefes Verst\u00e4ndnis f\u00fcr Ihr Interesse und Ihre Bed\u00fcrfnisse zeichnen uns aus. Unser Fokus richtet sich auf alle Facetten der [&hellip;]","og_url":"https:\/\/ww-businessline.de\/en\/ueber-uns\/","og_site_name":"ww businessline","article_modified_time":"2024-09-03T14:23:04+00:00","og_image":[{"url":"https:\/\/ww-businessline.de\/wp-content\/uploads\/2023\/05\/willi_von_schledorn_portrait_hochformat.jpg","type":"","width":"","height":""}],"twitter_card":"summary_large_image","twitter_misc":{"Est. reading time":"2 minutes"},"schema":{"@context":"https:\/\/schema.org","@graph":[{"@type":"WebPage","@id":"https:\/\/ww-businessline.de\/ueber-uns\/","url":"https:\/\/ww-businessline.de\/ueber-uns\/","name":"About us - ww businessline","isPartOf":{"@id":"https:\/\/ww-businessline.de\/#website"},"primaryImageOfPage":{"@id":"https:\/\/ww-businessline.de\/ueber-uns\/#primaryimage"},"image":{"@id":"https:\/\/ww-businessline.de\/ueber-uns\/#primaryimage"},"thumbnailUrl":"https:\/\/ww-businessline.de\/wp-content\/uploads\/2023\/05\/willi_von_schledorn_portrait_hochformat.jpg","datePublished":"2023-04-15T11:02:49+00:00","dateModified":"2024-09-03T14:23:04+00:00","breadcrumb":{"@id":"https:\/\/ww-businessline.de\/ueber-uns\/#breadcrumb"},"inLanguage":"en-US","potentialAction":[{"@type":"ReadAction","target":["https:\/\/ww-businessline.de\/ueber-uns\/"]}]},{"@type":"ImageObject","inLanguage":"en-US","@id":"https:\/\/ww-businessline.de\/ueber-uns\/#primaryimage","url":"https:\/\/ww-businessline.de\/wp-content\/uploads\/2023\/05\/willi_von_schledorn_portrait_hochformat.jpg","contentUrl":"https:\/\/ww-businessline.de\/wp-content\/uploads\/2023\/05\/willi_von_schledorn_portrait_hochformat.jpg"},{"@type":"BreadcrumbList","@id":"https:\/\/ww-businessline.de\/ueber-uns\/#breadcrumb","itemListElement":[{"@type":"ListItem","position":1,"name":"Startseite","item":"https:\/\/ww-businessline.de\/"},{"@type":"ListItem","position":2,"name":"\u00dcber uns"}]},{"@type":"WebSite","@id":"https:\/\/ww-businessline.de\/#website","url":"https:\/\/ww-businessline.de\/","name":"ww businessline","description":"Financing of residential and commercial properties","publisher":{"@id":"https:\/\/ww-businessline.de\/#organization"},"potentialAction":[{"@type":"SearchAction","target":{"@type":"EntryPoint","urlTemplate":"https:\/\/ww-businessline.de\/?s={search_term_string}"},"query-input":{"@type":"PropertyValueSpecification","valueRequired":true,"valueName":"search_term_string"}}],"inLanguage":"en-US"},{"@type":"Organization","@id":"https:\/\/ww-businessline.de\/#organization","name":"ww businessline","url":"https:\/\/ww-businessline.de\/","logo":{"@type":"ImageObject","inLanguage":"en-US","@id":"https:\/\/ww-businessline.de\/#\/schema\/logo\/image\/","url":"https:\/\/ww-businessline.de\/wp-content\/uploads\/2023\/02\/logo-ww-businessline-white.svg","contentUrl":"https:\/\/ww-businessline.de\/wp-content\/uploads\/2023\/02\/logo-ww-businessline-white.svg","width":469,"height":147,"caption":"ww businessline"},"image":{"@id":"https:\/\/ww-businessline.de\/#\/schema\/logo\/image\/"}}]}},"_links":{"self":[{"href":"https:\/\/ww-businessline.de\/en\/wp-json\/wp\/v2\/pages\/429","targetHints":{"allow":["GET"]}}],"collection":[{"href":"https:\/\/ww-businessline.de\/en\/wp-json\/wp\/v2\/pages"}],"about":[{"href":"https:\/\/ww-businessline.de\/en\/wp-json\/wp\/v2\/types\/page"}],"author":[{"embeddable":true,"href":"https:\/\/ww-businessline.de\/en\/wp-json\/wp\/v2\/users\/1"}],"replies":[{"embeddable":true,"href":"https:\/\/ww-businessline.de\/en\/wp-json\/wp\/v2\/comments?post=429"}],"version-history":[{"count":23,"href":"https:\/\/ww-businessline.de\/en\/wp-json\/wp\/v2\/pages\/429\/revisions"}],"predecessor-version":[{"id":1511,"href":"https:\/\/ww-businessline.de\/en\/wp-json\/wp\/v2\/pages\/429\/revisions\/1511"}],"wp:attachment":[{"href":"https:\/\/ww-businessline.de\/en\/wp-json\/wp\/v2\/media?parent=429"}],"curies":[{"name":"wp","href":"https:\/\/api.w.org\/{rel}","templated":true}]}}